{"id":4650,"date":"2023-12-08T01:35:29","date_gmt":"2023-12-08T00:35:29","guid":{"rendered":"https:\/\/dune.xanelabs.com\/tienda\/tailpad-far-king-g12-lobliam-noir-blanc-bleu\/"},"modified":"2023-12-08T01:35:29","modified_gmt":"2023-12-08T00:35:29","slug":"tailpad-far-king-g12-lobliam-noir-blanc-bleu","status":"publish","type":"product","link":"https:\/\/my-dune.com\/fr\/boutique\/tailpad-far-king-g12-lobliam-noir-blanc-bleu\/","title":{"rendered":"Tailpad Far King g12 lobliam noir blanc bleu"},"content":{"rendered":"<p>Le tailpad est l&rsquo;accessoire indispensable de votre planche. Cet \u00ab\u00a0anti-d\u00e9rapant\u00a0\u00bb en EVA vous permettra d&rsquo;avoir un pied solide. Le tailpad est coll\u00e9 \u00e0 l&rsquo;arri\u00e8re de votre planche.<\/p>\n<p>D\u00e9tails = 3 pi\u00e8ces avec arceau et queue rapide<\/p>\n","protected":false},"excerpt":{"rendered":"<p>Le tailpad est l&rsquo;accessoire indispensable de votre planche. Cet \u00ab\u00a0anti-d\u00e9rapant\u00a0\u00bb en EVA vous permettra d&rsquo;avoir un pied solide. Le tailpad est coll\u00e9 \u00e0 l&rsquo;arri\u00e8re de votre planche. D\u00e9tails = 3 pi\u00e8ces avec arceau et queue rapide<\/p>\n","protected":false},"featured_media":4161,"template":"","meta":{"_seopress_robots_primary_cat":"","_seopress_titles_title":"","_seopress_titles_desc":"","_seopress_robots_index":""},"product_brand":[],"product_cat":[114],"product_tag":[],"class_list":{"0":"post-4650","1":"product","2":"type-product","3":"status-publish","4":"has-post-thumbnail","6":"product_cat-pads","8":"first","9":"instock","10":"taxable","11":"shipping-taxable","12":"purchasable","13":"product-type-simple"},"_links":{"self":[{"href":"https:\/\/my-dune.com\/fr\/wp-json\/wp\/v2\/product\/4650","targetHints":{"allow":["GET"]}}],"collection":[{"href":"https:\/\/my-dune.com\/fr\/wp-json\/wp\/v2\/product"}],"about":[{"href":"https:\/\/my-dune.com\/fr\/wp-json\/wp\/v2\/types\/product"}],"version-history":[{"count":0,"href":"https:\/\/my-dune.com\/fr\/wp-json\/wp\/v2\/product\/4650\/revisions"}],"wp:featuredmedia":[{"embeddable":true,"href":"https:\/\/my-dune.com\/fr\/wp-json\/wp\/v2\/media\/4161"}],"wp:attachment":[{"href":"https:\/\/my-dune.com\/fr\/wp-json\/wp\/v2\/media?parent=4650"}],"wp:term":[{"taxonomy":"product_brand","embeddable":true,"href":"https:\/\/my-dune.com\/fr\/wp-json\/wp\/v2\/product_brand?post=4650"},{"taxonomy":"product_cat","embeddable":true,"href":"https:\/\/my-dune.com\/fr\/wp-json\/wp\/v2\/product_cat?post=4650"},{"taxonomy":"product_tag","embeddable":true,"href":"https:\/\/my-dune.com\/fr\/wp-json\/wp\/v2\/product_tag?post=4650"}],"curies":[{"name":"wp","href":"https:\/\/api.w.org\/{rel}","templated":true}]}}