{"id":4647,"date":"2023-12-08T01:31:22","date_gmt":"2023-12-08T00:31:22","guid":{"rendered":"https:\/\/dune.xanelabs.com\/tienda\/flexi-hex-sleeve-unit-lite-sleeve\/"},"modified":"2023-12-08T01:31:22","modified_gmt":"2023-12-08T00:31:22","slug":"flexi-hex-sleeve-unit-lite-sleeve","status":"publish","type":"product","link":"https:\/\/my-dune.com\/fr\/boutique\/flexi-hex-sleeve-unit-lite-sleeve\/","title":{"rendered":"Flexi-Hex Sleeve unit &#8211; Lite Sleeve"},"content":{"rendered":"<p>Le manchon Lite offre une protection fiable de l&#8217;emballage pour les planches de surf, les kitesurfs, les wakeboards, les skimboards et les snowboards.<\/p>\n<p><strong>2 unit\u00e9s<\/strong> sont n\u00e9cessaires pour couvrir un skimboard ou un Dune wakesurf.<\/p>\n<p>Protection des planches de surf pour le transport s\u00e9curis\u00e9 des planches de surf dans le monde entier<\/p>\n<p>Fabriqu\u00e9 \u00e0 partir de plus de 85 % de papier recycl\u00e9<\/p>\n<p>Sans plastique, recyclable, biod\u00e9gradable et compostable<\/p>\n<p>Con\u00e7u pour prot\u00e9ger non seulement les bords, mais aussi le pont, le fond, la pointe et la queue.<\/p>\n<p>Compact pour le stockage et l\u00e9ger pour un transport \u00e9conomique<\/p>\n<p>S&rsquo;\u00e9tend jusqu&rsquo;\u00e0 600 mm de large<\/p>\n<p>2 couches de protection en papier nid d&rsquo;abeille de 15 mm<\/p>\n<p>Un carton de 3,6 mm prot\u00e8ge les bords de la carte<\/p>\n","protected":false},"excerpt":{"rendered":"<p>Le manchon Lite offre une protection fiable de l&#8217;emballage pour les planches de surf, les kitesurfs, les wakeboards, les skimboards et les snowboards. 2 unit\u00e9s sont n\u00e9cessaires pour couvrir un skimboard ou un Dune wakesurf. Protection des planches de surf pour le transport s\u00e9curis\u00e9 des planches de surf dans le monde entier Fabriqu\u00e9 \u00e0 partir [&hellip;]<\/p>\n","protected":false},"featured_media":4147,"template":"","meta":{"_seopress_robots_primary_cat":"","_seopress_titles_title":"","_seopress_titles_desc":"","_seopress_robots_index":""},"product_brand":[],"product_cat":[115],"product_tag":[116],"class_list":{"0":"post-4647","1":"product","2":"type-product","3":"status-publish","4":"has-post-thumbnail","6":"product_cat-housse","7":"product_tag-chariot","9":"first","10":"instock","11":"taxable","12":"shipping-taxable","13":"purchasable","14":"product-type-simple"},"_links":{"self":[{"href":"https:\/\/my-dune.com\/fr\/wp-json\/wp\/v2\/product\/4647","targetHints":{"allow":["GET"]}}],"collection":[{"href":"https:\/\/my-dune.com\/fr\/wp-json\/wp\/v2\/product"}],"about":[{"href":"https:\/\/my-dune.com\/fr\/wp-json\/wp\/v2\/types\/product"}],"version-history":[{"count":0,"href":"https:\/\/my-dune.com\/fr\/wp-json\/wp\/v2\/product\/4647\/revisions"}],"wp:featuredmedia":[{"embeddable":true,"href":"https:\/\/my-dune.com\/fr\/wp-json\/wp\/v2\/media\/4147"}],"wp:attachment":[{"href":"https:\/\/my-dune.com\/fr\/wp-json\/wp\/v2\/media?parent=4647"}],"wp:term":[{"taxonomy":"product_brand","embeddable":true,"href":"https:\/\/my-dune.com\/fr\/wp-json\/wp\/v2\/product_brand?post=4647"},{"taxonomy":"product_cat","embeddable":true,"href":"https:\/\/my-dune.com\/fr\/wp-json\/wp\/v2\/product_cat?post=4647"},{"taxonomy":"product_tag","embeddable":true,"href":"https:\/\/my-dune.com\/fr\/wp-json\/wp\/v2\/product_tag?post=4647"}],"curies":[{"name":"wp","href":"https:\/\/api.w.org\/{rel}","templated":true}]}}