{"id":4597,"date":"2023-06-26T11:43:34","date_gmt":"2023-06-26T09:43:34","guid":{"rendered":"https:\/\/dune.xanelabs.com\/chariot\/"},"modified":"2024-07-07T17:07:57","modified_gmt":"2024-07-07T15:07:57","slug":"chariot","status":"publish","type":"page","link":"https:\/\/my-dune.com\/fr\/chariot\/","title":{"rendered":"Panier"},"content":{"rendered":"\t\t<div data-elementor-type=\"wp-page\" data-elementor-id=\"4597\" class=\"elementor elementor-4597 elementor-487\" data-elementor-post-type=\"page\">\n\t\t\t\t\t\t<section data-particle_enable=\"false\" data-particle-mobile-disabled=\"false\" class=\"elementor-section elementor-top-section elementor-element elementor-element-1b5e848b elementor-section-stretched elementor-section-boxed elementor-section-height-default elementor-section-height-default\" data-id=\"1b5e848b\" data-element_type=\"section\" data-settings=\"{&quot;stretch_section&quot;:&quot;section-stretched&quot;,&quot;jet_parallax_layout_list&quot;:[]}\">\n\t\t\t\t\t\t<div class=\"elementor-container elementor-column-gap-default\">\n\t\t\t\t\t<div class=\"elementor-column elementor-col-100 elementor-top-column elementor-element elementor-element-398062f1\" data-id=\"398062f1\" data-element_type=\"column\">\n\t\t\t<div class=\"elementor-widget-wrap elementor-element-populated\">\n\t\t\t\t\t\t<div class=\"elementor-element elementor-element-6f449f4 elementor-widget elementor-widget-eael-woo-cart\" data-id=\"6f449f4\" data-element_type=\"widget\" data-settings=\"{&quot;eael_woo_cart_table_components_remove_icon&quot;:{&quot;value&quot;:&quot;far fa-trash-alt&quot;,&quot;library&quot;:&quot;fa-regular&quot;},&quot;ekit_we_effect_on&quot;:&quot;none&quot;}\" data-widget_type=\"eael-woo-cart.default\">\n\t\t\t\t\t\t\t\t\t<div class=\"eael-woo-cart-wrapper eael-woo-cart-empty eael-woo-style-2 eael-auto-update33\">\n\t\t\t\t<div class=\"woocommerce-notices-wrapper\"><\/div><div class=\"wc-empty-cart-message\">\n\t<div class=\"cart-empty woocommerce-info\" role=\"status\">\n\t\tEn este momento tu carrito est\u00e1 vac\u00edo.\t<\/div>\n<\/div>                <\/div>\n\t\t\t\t        <script>document.body.classList.add(\"eael-woo-cart\");<\/script>\n\t\t\t\t\t\t<\/div>\n\t\t\t\t\t<\/div>\n\t\t<\/div>\n\t\t\t\t\t<\/div>\n\t\t<\/section>\n\t\t<div data-particle_enable=\"false\" data-particle-mobile-disabled=\"false\" class=\"elementor-element elementor-element-a66d25f e-flex e-con-boxed e-con e-parent\" data-id=\"a66d25f\" data-element_type=\"container\" data-settings=\"{&quot;jet_parallax_layout_list&quot;:[]}\">\n\t\t\t\t\t<div class=\"e-con-inner\">\n\t\t\t\t<div class=\"elementor-element elementor-element-c6aff47 elementor-widget elementor-widget-heading\" data-id=\"c6aff47\" data-element_type=\"widget\" data-settings=\"{&quot;ekit_we_effect_on&quot;:&quot;none&quot;}\" data-widget_type=\"heading.default\">\n\t\t\t\t\t<h2 class=\"elementor-heading-title elementor-size-default\">Compl\u00e9tez votre achat avec ces accessoires :<\/h2>\t\t\t\t<\/div>\n\t\t\t\t\t<\/div>\n\t\t\t\t<\/div>\n\t\t<div data-particle_enable=\"false\" data-particle-mobile-disabled=\"false\" class=\"elementor-element elementor-element-0ced5ba e-flex e-con-boxed e-con e-parent\" data-id=\"0ced5ba\" data-element_type=\"container\" data-settings=\"{&quot;jet_parallax_layout_list&quot;:[]}\">\n\t\t\t\t\t<div class=\"e-con-inner\">\n\t\t<div data-particle_enable=\"false\" data-particle-mobile-disabled=\"false\" class=\"elementor-element elementor-element-5a3b87f e-grid e-con-boxed e-con e-child\" data-id=\"5a3b87f\" data-element_type=\"container\" data-settings=\"{&quot;jet_parallax_layout_list&quot;:[]}\">\n\t\t\t\t\t<div class=\"e-con-inner\">\n\t\t\t\t<div class=\"elementor-element elementor-element-82ec2fd elementor-widget elementor-widget-jet-woo-products\" data-id=\"82ec2fd\" data-element_type=\"widget\" data-settings=\"{&quot;columns&quot;:&quot;6&quot;,&quot;columns_mobile&quot;:&quot;1&quot;,&quot;ekit_we_effect_on&quot;:&quot;none&quot;}\" data-widget_type=\"jet-woo-products.default\">\n\t\t\t\t<div class=\"elementor-widget-container\">\n\t\t\t\t\t<div class=\"elementor-jet-woo-products jet-woo-builder\"><div class=\"jet-woo-products jet-woo-products--preset-1 col-row  \" data-mobile-hover=\"1\" >\n<div class=\"jet-woo-products__item jet-woo-builder-product\" data-product-id=\"4896\">\n\t<div class=\"jet-woo-products__inner-box\"  >\n\t\t\n<div class=\"jet-woo-product-thumbnail\">\n\t\n\t<a href=\"https:\/\/my-dune.com\/fr\/boutique\/t-shirt-dune-30-ans\/\"><img fetchpriority=\"high\" decoding=\"async\" width=\"300\" height=\"300\" src=\"https:\/\/my-dune.com\/wp-content\/uploads\/2024\/05\/30_years_green_front-300x300.jpg\" class=\"attachment-woocommerce_thumbnail size-woocommerce_thumbnail\" alt=\"\" \/><\/a>\n\t<div class=\"jet-woo-product-img-overlay\"><\/div>\n\n\t\n\t<\/div><h5 class=\"jet-woo-product-title\"><a href=\"https:\/\/my-dune.com\/fr\/boutique\/t-shirt-dune-30-ans\/\">T-shirt Dune 30 ans<\/a><\/h5>\n<div class=\"jet-woo-product-price\">\n\t<span class=\"price\"><span class=\"woocommerce-Price-amount amount\">20,00&nbsp;<span class=\"woocommerce-Price-currencySymbol\">&euro;<\/span><\/span><\/span>\n<\/div>\n<div class=\"jet-woo-products-cqw-wrapper\">\n\t<\/div>\t<\/div>\n\n\t<\/div>\n<div class=\"jet-woo-products__item jet-woo-builder-product\" data-product-id=\"4647\">\n\t<div class=\"jet-woo-products__inner-box\"  >\n\t\t\n<div class=\"jet-woo-product-thumbnail\">\n\t\n\t<a href=\"https:\/\/my-dune.com\/fr\/boutique\/flexi-hex-sleeve-unit-lite-sleeve\/\"><img decoding=\"async\" width=\"300\" height=\"300\" src=\"https:\/\/my-dune.com\/wp-content\/uploads\/2023\/12\/flexi-hex-sleeve-unit-lite-sleeve-300x300.jpg\" class=\"attachment-woocommerce_thumbnail size-woocommerce_thumbnail\" alt=\"\" \/><\/a>\n\t<div class=\"jet-woo-product-img-overlay\"><\/div>\n\n\t\n\t<\/div><h5 class=\"jet-woo-product-title\"><a href=\"https:\/\/my-dune.com\/fr\/boutique\/flexi-hex-sleeve-unit-lite-sleeve\/\">Flexi-Hex Sleeve unit &#8211; Lite Sleeve<\/a><\/h5>\n<div class=\"jet-woo-product-price\">\n\t<span class=\"price\"><span class=\"woocommerce-Price-amount amount\">9,90&nbsp;<span class=\"woocommerce-Price-currencySymbol\">&euro;<\/span><\/span><\/span>\n<\/div>\n<div class=\"jet-woo-products-cqw-wrapper\">\n\t<\/div>\t<\/div>\n\n\t<\/div>\n<div class=\"jet-woo-products__item jet-woo-builder-product\" data-product-id=\"4863\">\n\t<div class=\"jet-woo-products__inner-box\"  >\n\t\t\n<div class=\"jet-woo-product-thumbnail\">\n\t\n\t<a href=\"https:\/\/my-dune.com\/fr\/boutique\/archbar-stance-noir\/\"><img decoding=\"async\" width=\"300\" height=\"300\" src=\"https:\/\/my-dune.com\/wp-content\/uploads\/2024\/04\/PICTURE_STANCE_ARCH_BLACK-300x300.png\" class=\"attachment-woocommerce_thumbnail size-woocommerce_thumbnail\" alt=\"\" \/><\/a>\n\t<div class=\"jet-woo-product-img-overlay\"><\/div>\n\n\t\n\t<\/div><h5 class=\"jet-woo-product-title\"><a href=\"https:\/\/my-dune.com\/fr\/boutique\/archbar-stance-noir\/\">Archbar Stance Noir<\/a><\/h5>\n<div class=\"jet-woo-product-price\">\n\t<span class=\"price\"><span class=\"woocommerce-Price-amount amount\">25,00&nbsp;<span class=\"woocommerce-Price-currencySymbol\">&euro;<\/span><\/span><\/span>\n<\/div>\n<div class=\"jet-woo-products-cqw-wrapper\">\n\t<\/div>\t<\/div>\n\n\t<\/div>\n<div class=\"jet-woo-products__item jet-woo-builder-product\" data-product-id=\"4874\">\n\t<div class=\"jet-woo-products__inner-box\"  >\n\t\t\n<div class=\"jet-woo-product-thumbnail\">\n\t\n\t<a href=\"https:\/\/my-dune.com\/fr\/boutique\/archbar-stance\/\"><img loading=\"lazy\" decoding=\"async\" width=\"300\" height=\"300\" src=\"https:\/\/my-dune.com\/wp-content\/uploads\/2024\/04\/archbar-stance-turquesa-300x300.png\" class=\"attachment-woocommerce_thumbnail size-woocommerce_thumbnail\" alt=\"archbar stance turquoise\" \/><\/a>\n\t<div class=\"jet-woo-product-img-overlay\"><\/div>\n\n\t\n\t<\/div><h5 class=\"jet-woo-product-title\"><a href=\"https:\/\/my-dune.com\/fr\/boutique\/archbar-stance\/\">Archbar Stance<\/a><\/h5>\n<div class=\"jet-woo-product-price\">\n\t<span class=\"price\"><span class=\"woocommerce-Price-amount amount\">25,00&nbsp;<span class=\"woocommerce-Price-currencySymbol\">&euro;<\/span><\/span><\/span>\n<\/div>\n<div class=\"jet-woo-products-cqw-wrapper\">\n\t<\/div>\t<\/div>\n\n\t<\/div>\n<div class=\"jet-woo-products__item jet-woo-builder-product\" data-product-id=\"4879\">\n\t<div class=\"jet-woo-products__inner-box\"  >\n\t\t\n<div class=\"jet-woo-product-thumbnail\">\n\t\n\t<a href=\"https:\/\/my-dune.com\/fr\/boutique\/t-shirt-en-coton-biologique-dune-wakesurf\/\"><img loading=\"lazy\" decoding=\"async\" width=\"300\" height=\"300\" src=\"https:\/\/my-dune.com\/wp-content\/uploads\/2024\/05\/wake_surf_front-300x300.jpg\" class=\"attachment-woocommerce_thumbnail size-woocommerce_thumbnail\" alt=\"\" \/><\/a>\n\t<div class=\"jet-woo-product-img-overlay\"><\/div>\n\n\t\n\t<\/div><h5 class=\"jet-woo-product-title\"><a href=\"https:\/\/my-dune.com\/fr\/boutique\/t-shirt-en-coton-biologique-dune-wakesurf\/\">T-shirt en coton biologique Dune Wakesurf<\/a><\/h5>\n<div class=\"jet-woo-product-price\">\n\t<span class=\"price\"><span class=\"woocommerce-Price-amount amount\">25,00&nbsp;<span class=\"woocommerce-Price-currencySymbol\">&euro;<\/span><\/span><\/span>\n<\/div>\n<div class=\"jet-woo-products-cqw-wrapper\">\n\t<\/div>\t<\/div>\n\n\t<\/div><\/div>\n<\/div>\t\t\t\t<\/div>\n\t\t\t\t<\/div>\n\t\t\t\t\t<\/div>\n\t\t\t\t<\/div>\n\t\t\t\t\t<\/div>\n\t\t\t\t<\/div>\n\t\t\t\t<\/div>\n\t\t","protected":false},"excerpt":{"rendered":"<p>En este momento tu carrito est\u00e1 vac\u00edo. Retour \u00e0 la boutique Compl\u00e9tez votre achat avec ces accessoires : T-shirt en coton biologique Dune Wakesurf 25,00&nbsp;&euro; Flexi-Hex Sleeve unit &#8211; Lite Sleeve 9,90&nbsp;&euro; Archbar Stance 25,00&nbsp;&euro; T-shirt Dune 30 ans 20,00&nbsp;&euro; Skim\/Wakeskim Dune Cover 79,00&nbsp;&euro; Archbar Stance Noir 25,00&nbsp;&euro;<\/p>\n","protected":false},"author":2,"featured_media":0,"parent":0,"menu_order":0,"comment_status":"closed","ping_status":"closed","template":"","meta":{"_seopress_robots_primary_cat":"","_seopress_titles_title":"","_seopress_titles_desc":"D\u00e9couvrez nos T-shirts Dune et accessoires de Wakesurf. Prix comp\u00e9titifs et qualit\u00e9 sup\u00e9rieure. Remplissez votre panier maintenant!","_seopress_robots_index":"","footnotes":""},"class_list":["post-4597","page","type-page","status-publish","hentry"],"_links":{"self":[{"href":"https:\/\/my-dune.com\/fr\/wp-json\/wp\/v2\/pages\/4597","targetHints":{"allow":["GET"]}}],"collection":[{"href":"https:\/\/my-dune.com\/fr\/wp-json\/wp\/v2\/pages"}],"about":[{"href":"https:\/\/my-dune.com\/fr\/wp-json\/wp\/v2\/types\/page"}],"author":[{"embeddable":true,"href":"https:\/\/my-dune.com\/fr\/wp-json\/wp\/v2\/users\/2"}],"replies":[{"embeddable":true,"href":"https:\/\/my-dune.com\/fr\/wp-json\/wp\/v2\/comments?post=4597"}],"version-history":[{"count":4,"href":"https:\/\/my-dune.com\/fr\/wp-json\/wp\/v2\/pages\/4597\/revisions"}],"predecessor-version":[{"id":5296,"href":"https:\/\/my-dune.com\/fr\/wp-json\/wp\/v2\/pages\/4597\/revisions\/5296"}],"wp:attachment":[{"href":"https:\/\/my-dune.com\/fr\/wp-json\/wp\/v2\/media?parent=4597"}],"curies":[{"name":"wp","href":"https:\/\/api.w.org\/{rel}","templated":true}]}}