{"id":4595,"date":"2024-06-26T16:30:55","date_gmt":"2024-06-26T14:30:55","guid":{"rendered":"https:\/\/dune.xanelabs.com\/politique-de-retrait-et-de-retour\/"},"modified":"2024-06-27T10:33:47","modified_gmt":"2024-06-27T08:33:47","slug":"politique-de-retrait-et-de-retour","status":"publish","type":"page","link":"https:\/\/my-dune.com\/fr\/politique-de-retrait-et-de-retour\/","title":{"rendered":"Politique de retrait et de retour"},"content":{"rendered":"\n<p>Conform\u00e9ment \u00e0 la r\u00e9glementation, le consommateur et l&rsquo;utilisateur auront le droit de R\u00c9SILIER le contrat pour une p\u00e9riode maximale de 14 jours calendaires sans avoir \u00e0 en indiquer la raison et sans encourir de frais, \u00e0 l&rsquo;exception de ceux pr\u00e9vus aux articles 107.2 et 108 du RD1\/2007, du 16 novembre, qui approuve le texte vis\u00e9 dans la Loi g\u00e9n\u00e9rale pour la d\u00e9fense des consommateurs et des utilisateurs.<br\/>Ce droit de r\u00e9tractation ne s&rsquo;applique pas, entre autres, aux :<br\/>&#8211; Contrats de fourniture de produits confectionn\u00e9s selon les sp\u00e9cifications du consommateur et de l&rsquo;utilisateur ou nettement personnalis\u00e9s.<br\/><\/p>\n\n<p>Le client dispose d&rsquo;un d\u00e9lai maximum de 14 jours calendaires \u00e0 compter du jour de la r\u00e9ception du bien ou produit command\u00e9 pour informer My-Dune de sa volont\u00e9 de se r\u00e9tracter.<br\/>La r\u00e9tractation implique que My-Dune proc\u00e9dera au remboursement du montant d\u00e9j\u00e0 pay\u00e9 par le client dans un d\u00e9lai maximum de 14 jours calendaires, en suivant la m\u00eame proc\u00e9dure choisie par le client pour le paiement (\u00e0 condition que le produit achet\u00e9 ne fasse pas partie des exceptions \u00e9num\u00e9r\u00e9es ci-dessus).<br\/>Pendant cette p\u00e9riode, le consommateur informe l&rsquo;entrepreneur de sa d\u00e9cision de r\u00e9silier le contrat en remplissant le formulaire figurant \u00e0 la fin de ce point et en l&rsquo;envoyant \u00e0 l&rsquo;adresse \u00e9lectronique de My-Dune.<br\/><\/p>\n\n<p>My-Dune fournit au consommateur un accus\u00e9 de r\u00e9ception de la r\u00e9tractation sur un support durable.<br\/>Pour retourner un produit, il est indispensable qu&rsquo;il soit en parfait \u00e9tat et dans son emballage d&rsquo;origine (avec le sceau et\/ou le film intact, ainsi que son ruban adh\u00e9sif, le cas \u00e9ch\u00e9ant), avec tous ses accessoires et sans avoir \u00e9t\u00e9 utilis\u00e9.<br\/>D\u00e8s r\u00e9ception de votre demande, nous vous contacterons pour vous communiquer les d\u00e9tails du retour.<br\/>Les frais de renvoi des marchandises sont \u00e0 la charge du client.<br\/>xxxx<\/p>\n\n<p><\/p>\n\n<h2 class=\"wp-block-heading\">RETOURS<\/h2>\n\n<p>Si le consommateur\/utilisateur souhaite retourner le produit pour d\u00e9faut de conformit\u00e9, il doit en informer My-Dune dans les 3 jours ouvrables suivant la r\u00e9ception et, dans tous les cas, le retour doit \u00eatre approuv\u00e9 par My-Dune. Lorsque le consommateur\/utilisateur souhaite retourner le produit achet\u00e9, il doit en informer le service client\u00e8le de My-Dune, soit par t\u00e9l\u00e9phone, soit par l&rsquo;interm\u00e9diaire de l&rsquo;adresse \u00e9lectronique figurant dans la section des communications, sans pr\u00e9judice des dispositions des articles 114 et suivants de la LGDCYU.<\/p>\n\n<p>Pour retourner les produits, vous devez nous les envoyer \u00e0 l&rsquo;adresse suivante : Calle Ripoll\u00e9s. 24 &#8211; 17486 Castell\u00f3 d&rsquo;Empuries &#8211; GIRONA dans son emballage d&rsquo;origine et dans le m\u00eame \u00e9tat que celui dans lequel il a \u00e9t\u00e9 re\u00e7u et avec une copie de la facture d&rsquo;achat. Une fois que nous aurons re\u00e7u le(s) article(s) et v\u00e9rifi\u00e9 qu&rsquo;il(s) r\u00e9pond(ent) \u00e0 toutes les conditions susmentionn\u00e9es, My-Dune approuvera le retour et proc\u00e9dera au remboursement de l&rsquo;int\u00e9gralit\u00e9 du montant que vous avez pay\u00e9, de la m\u00eame mani\u00e8re que vous avez effectu\u00e9 le paiement. Tous les frais de renvoi sont \u00e0 la charge du consommateur\/utilisateur. Vous devez \u00e9galement envoyer par courrier \u00e9lectronique le formulaire rempli \u00e0 la fin de ce point.<\/p>\n\n<p>Les heures d&rsquo;ouverture du service client\u00e8le sont de 09h00 \u00e0 13h00 et de 14h00 \u00e0 17h00 du lundi au vendredi.<\/p>\n\n<p>L&rsquo;utilisateur\/consommateur est inform\u00e9 que My-Dune dispose de formulaires officiels de plainte, de r\u00e9clamation et de d\u00e9nonciation (d\u00e9cret 121\/2013 du 26 f\u00e9vrier), qui peuvent \u00eatre demand\u00e9s par tout moyen.<\/p>\n\n<p>xxxx<\/p>\n","protected":false},"excerpt":{"rendered":"<p>Conform\u00e9ment \u00e0 la r\u00e9glementation, le consommateur et l&rsquo;utilisateur auront le droit de R\u00c9SILIER le contrat pour une p\u00e9riode maximale de 14 jours calendaires sans avoir \u00e0 en indiquer la raison et sans encourir de frais, \u00e0 l&rsquo;exception de ceux pr\u00e9vus aux articles 107.2 et 108 du RD1\/2007, du 16 novembre, qui approuve le texte vis\u00e9 [&hellip;]<\/p>\n","protected":false},"author":2,"featured_media":0,"parent":0,"menu_order":0,"comment_status":"closed","ping_status":"closed","template":"","meta":{"_seopress_robots_primary_cat":"","_seopress_titles_title":"","_seopress_titles_desc":"","_seopress_robots_index":"","footnotes":""},"class_list":["post-4595","page","type-page","status-publish","hentry"],"_links":{"self":[{"href":"https:\/\/my-dune.com\/fr\/wp-json\/wp\/v2\/pages\/4595","targetHints":{"allow":["GET"]}}],"collection":[{"href":"https:\/\/my-dune.com\/fr\/wp-json\/wp\/v2\/pages"}],"about":[{"href":"https:\/\/my-dune.com\/fr\/wp-json\/wp\/v2\/types\/page"}],"author":[{"embeddable":true,"href":"https:\/\/my-dune.com\/fr\/wp-json\/wp\/v2\/users\/2"}],"replies":[{"embeddable":true,"href":"https:\/\/my-dune.com\/fr\/wp-json\/wp\/v2\/comments?post=4595"}],"version-history":[{"count":1,"href":"https:\/\/my-dune.com\/fr\/wp-json\/wp\/v2\/pages\/4595\/revisions"}],"predecessor-version":[{"id":4596,"href":"https:\/\/my-dune.com\/fr\/wp-json\/wp\/v2\/pages\/4595\/revisions\/4596"}],"wp:attachment":[{"href":"https:\/\/my-dune.com\/fr\/wp-json\/wp\/v2\/media?parent=4595"}],"curies":[{"name":"wp","href":"https:\/\/api.w.org\/{rel}","templated":true}]}}