{"id":4568,"date":"2023-11-13T14:34:34","date_gmt":"2023-11-13T13:34:34","guid":{"rendered":"https:\/\/dune.xanelabs.com\/boutique-wakesurf\/stock-wakesurf\/"},"modified":"2024-12-09T12:14:40","modified_gmt":"2024-12-09T11:14:40","slug":"stock-wakesurf","status":"publish","type":"page","link":"https:\/\/my-dune.com\/fr\/boutique-wakesurf\/stock-wakesurf\/","title":{"rendered":"Wakesurf en stock"},"content":{"rendered":"\t\t<div data-elementor-type=\"wp-page\" data-elementor-id=\"4568\" class=\"elementor elementor-4568 elementor-1472\" data-elementor-post-type=\"page\">\n\t\t\t\t\t\t<section data-particle_enable=\"false\" data-particle-mobile-disabled=\"false\" class=\"elementor-section elementor-top-section elementor-element elementor-element-af88e9d elementor-section-boxed elementor-section-height-default elementor-section-height-default\" data-id=\"af88e9d\" data-element_type=\"section\" data-settings=\"{&quot;background_background&quot;:&quot;classic&quot;,&quot;jet_parallax_layout_list&quot;:[]}\">\n\t\t\t\t\t\t\t<div class=\"elementor-background-overlay\"><\/div>\n\t\t\t\t\t\t\t<div class=\"elementor-container elementor-column-gap-default\">\n\t\t\t\t\t<div class=\"elementor-column elementor-col-100 elementor-top-column elementor-element elementor-element-10d392e\" data-id=\"10d392e\" data-element_type=\"column\">\n\t\t\t<div class=\"elementor-widget-wrap elementor-element-populated\">\n\t\t\t\t\t\t<div class=\"elementor-element elementor-element-599d27c elementor-widget elementor-widget-heading\" data-id=\"599d27c\" data-element_type=\"widget\" data-settings=\"{&quot;ekit_we_effect_on&quot;:&quot;none&quot;}\" data-widget_type=\"heading.default\">\n\t\t\t\t\t<h1 class=\"elementor-heading-title elementor-size-default\">Nos planches de Wakesurf sans d\u00e9lai<\/h1>\t\t\t\t<\/div>\n\t\t\t\t<div class=\"elementor-element elementor-element-5abe145 elementor-widget elementor-widget-heading\" data-id=\"5abe145\" data-element_type=\"widget\" data-settings=\"{&quot;ekit_we_effect_on&quot;:&quot;none&quot;}\" data-widget_type=\"heading.default\">\n\t\t\t\t\t<h2 class=\"elementor-heading-title elementor-size-default\">Profite de l'opportunit\u00e9 d'obtenir une planche exclusive \u00e0 bon prix.<\/h2>\t\t\t\t<\/div>\n\t\t\t\t<div class=\"elementor-element elementor-element-5eab862 elementor-widget elementor-widget-text-editor\" data-id=\"5eab862\" data-element_type=\"widget\" data-settings=\"{&quot;ekit_we_effect_on&quot;:&quot;none&quot;}\" data-widget_type=\"text-editor.default\">\n\t\t\t\t\t\t\t\t\t<p>Chez Dune, toutes nos planches sont fabriqu\u00e9es \u00e0 la main. D\u00e9couvre nos mod\u00e8les \u00e9labor\u00e9s avec les meilleurs mat\u00e9riaux et technologies. <br \/>Tu peux aussi configurer ta planche, la personnaliser \u00e0 ton go\u00fbt et la demander sur mesure.<\/p>\n<p>Tu as un doute ? Contacte-nous.<\/p>\n\t\t\t\t\t\t\t\t<\/div>\n\t\t\t\t\t<\/div>\n\t\t<\/div>\n\t\t\t\t\t<\/div>\n\t\t<\/section>\n\t\t\t\t<section data-particle_enable=\"false\" data-particle-mobile-disabled=\"false\" class=\"elementor-section elementor-top-section elementor-element elementor-element-2535cd6 elementor-section-boxed elementor-section-height-default elementor-section-height-default\" data-id=\"2535cd6\" data-element_type=\"section\" id=\"wakesurf\" data-settings=\"{&quot;jet_parallax_layout_list&quot;:[]}\">\n\t\t\t\t\t\t<div class=\"elementor-container elementor-column-gap-default\">\n\t\t\t\t\t<div class=\"elementor-column elementor-col-100 elementor-top-column elementor-element elementor-element-530b075\" data-id=\"530b075\" data-element_type=\"column\">\n\t\t\t<div class=\"elementor-widget-wrap elementor-element-populated\">\n\t\t\t\t\t\t<div class=\"elementor-element elementor-element-873acbd elementor-position-inline-start elementor-view-default elementor-mobile-position-block-start elementor-widget elementor-widget-icon-box\" data-id=\"873acbd\" data-element_type=\"widget\" data-settings=\"{&quot;ekit_we_effect_on&quot;:&quot;none&quot;}\" data-widget_type=\"icon-box.default\">\n\t\t\t\t\t\t\t<div class=\"elementor-icon-box-wrapper\">\n\n\t\t\t\t\t\t<div class=\"elementor-icon-box-icon\">\n\t\t\t\t<span  class=\"elementor-icon\">\n\t\t\t\t<svg xmlns:inkscape=\"http:\/\/www.inkscape.org\/namespaces\/inkscape\" xmlns:sodipodi=\"http:\/\/sodipodi.sourceforge.net\/DTD\/sodipodi-0.dtd\" xmlns=\"http:\/\/www.w3.org\/2000\/svg\" xmlns:svg=\"http:\/\/www.w3.org\/2000\/svg\" width=\"250\" height=\"250\" viewBox=\"0 0 66.145832 66.145833\" id=\"svg454\" inkscape:version=\"1.2 (dc2aedaf03, 2022-05-15)\" sodipodi:docname=\"wakesurf.svg\"><defs id=\"defs451\"><\/defs><g inkscape:label=\"Capa 1\" inkscape:groupmode=\"layer\" id=\"layer1\"><g id=\"g86\" transform=\"matrix(0.35277777,0,0,-0.35277777,42.645762,27.194019)\"><path d=\"M 0,0 13.7,9.061 18.559,1.849 0.306,-0.594 Z M 55.453,4.183 C 55.395,4.247 55.306,4.272 55.221,4.255 55.147,4.24 47.91,2.711 44.53,2.624 38.66,2.474 23.973,3.236 14.479,13.572 l -0.166,0.179 c -0.082,0.087 -0.216,0.102 -0.316,0.038 C 13.151,13.246 12.293,12.674 11.42,12.092 9.467,10.792 7.447,9.446 5.354,8.272 3.136,7.028 0.899,5.699 -1.263,4.414 c -5.83,-3.465 -11.859,-7.048 -18.136,-9.323 -6.697,-2.427 -9.186,-5.945 -9.184,-12.982 0,-0.138 0.112,-0.25 0.25,-0.25 1.733,0 40.637,4.53 57.697,6.851 0.734,0.1 1.691,0.221 2.797,0.359 5.684,0.715 15.196,1.91 18.721,3.381 1.739,0.726 4.342,10.397 4.632,11.497 0.022,0.084 0,0.173 -0.061,0.236\" style=\"fill:#1f1a1a;fill-opacity:1;fill-rule:nonzero;stroke:none\" id=\"path88\"><\/path><\/g><g id=\"g90\" transform=\"matrix(0.35277777,0,0,-0.35277777,39.62027,25.872161)\"><path d=\"m 0,0 c 0.061,0 0.12,0.021 0.168,0.065 l 15.188,13.807 3.152,-2.966 c 0.082,-0.078 0.206,-0.09 0.303,-0.03 l 2.042,1.268 c 0.061,0.038 0.103,0.1 0.115,0.171 0.011,0.072 -0.009,0.144 -0.055,0.2 l -6.042,7.307 c -0.048,0.059 -0.116,0.084 -0.198,0.091 -0.076,-0.002 -0.148,-0.038 -0.194,-0.099 L -0.199,0.401 C -0.277,0.298 -0.264,0.152 -0.169,0.065 -0.121,0.022 -0.061,0 0,0\" style=\"fill:#1f1a1a;fill-opacity:1;fill-rule:nonzero;stroke:none\" id=\"path92\"><\/path><\/g><g id=\"g94\" transform=\"matrix(0.35277777,0,0,-0.35277777,60.278124,30.683415)\"><path d=\"m 0,0 c -0.706,-0.132 -2.348,-0.463 -4.343,-0.865 -4.464,-0.9 -10.577,-2.133 -12.14,-2.338 l -7.933,-1.044 c -16.998,-2.237 -34.574,-4.551 -51.874,-6.683 -1.94,-0.238 -4.043,-0.738 -4.906,-2.589 -1.261,-1.686 -5.206,-3.335 -7.231,-3.335 -0.184,0 -0.264,-0.088 -0.299,-0.163 -0.041,-0.088 -0.018,-0.216 0.045,-0.291 0.27,-0.315 6.571,-2.33 16.468,-2.33 5.954,0 13.211,0.73 21.236,2.997 16.154,4.567 27.357,3.202 32.564,1.993 2.229,-0.862 3.536,-1.335 4.05,-1.37 9.497,-0.622 13.865,12.97 14.649,15.704 0.025,0.083 0.003,0.172 -0.056,0.237 C 0.172,-0.014 0.086,0.017 0,0\" style=\"fill:#1f1a1a;fill-opacity:1;fill-rule:nonzero;stroke:none\" id=\"path96\"><\/path><\/g><g id=\"g98\" transform=\"matrix(0.35277777,0,0,-0.35277777,27.531457,44.668231)\"><path d=\"m 0,0 c -0.678,0.977 -1.379,1.988 -2.166,2.88 -4.455,5.048 -11.49,10.165 -26.508,4.867 -2.013,-0.71 -4.048,-1.507 -6.016,-2.279 -9.972,-3.908 -20.285,-7.95 -31.977,-2.323 -0.097,0.046 -0.217,0.025 -0.293,-0.056 -0.074,-0.081 -0.087,-0.202 -0.03,-0.297 4.535,-7.657 11.557,-11.749 19.477,-11.749 3.191,0.001 6.526,0.665 9.903,2.026 1.008,0.408 2.016,0.821 3.023,1.235 11.1,4.558 22.58,9.273 35.245,3.962 0.105,-0.044 0.224,-0.013 0.293,0.076 0.07,0.088 0.072,0.211 0.006,0.302 C 0.632,-0.911 0.315,-0.456 0,0\" style=\"fill:#1f1a1a;fill-opacity:1;fill-rule:nonzero;stroke:none\" id=\"path100\"><\/path><\/g><g id=\"g102\" transform=\"matrix(0.35277777,0,0,-0.35277777,18.582473,23.374635)\"><path d=\"M 0,0 C 3.973,0 7.205,3.232 7.205,7.205 7.205,11.177 3.973,14.41 0,14.41 -3.973,14.41 -7.204,11.177 -7.204,7.205 -7.204,3.232 -3.973,0 0,0\" style=\"fill:#1f1a1a;fill-opacity:1;fill-rule:nonzero;stroke:none\" id=\"path104\"><\/path><\/g><g id=\"g106\" transform=\"matrix(0.35277777,0,0,-0.35277777,11.968913,29.498963)\"><path d=\"m 0,0 11.603,2.663 c 0.555,0.128 1.084,0.385 1.525,0.745 l 2.545,2.068 4.653,-8.777 -12.421,-8.386 c -1.477,-0.997 -2.05,-2.914 -1.36,-4.558 l 2.472,-5.896 c 0.587,-1.397 1.944,-2.3 3.46,-2.3 0.498,0 0.985,0.098 1.448,0.293 0.924,0.387 1.641,1.11 2.02,2.038 0.38,0.926 0.375,1.946 -0.012,2.87 l -1.283,3.059 10.146,6.849 -3.419,-6.101 c -0.49,-0.874 -0.61,-1.886 -0.339,-2.85 0.272,-0.964 0.902,-1.765 1.776,-2.255 1.803,-1.012 4.094,-0.366 5.105,1.438 l 7.037,12.553 c 0.361,0.645 0.512,1.403 0.434,2.137 0.048,0.388 0.048,0.727 0,1.037 l -1.735,11.069 0.558,-0.134 5.655,-7.816 c 0.703,-0.973 1.84,-1.553 3.041,-1.553 0.793,0 1.552,0.246 2.195,0.712 1.675,1.212 2.052,3.561 0.84,5.236 l -6.466,8.939 c -0.524,0.724 -1.29,1.238 -2.159,1.448 l -11.031,2.663 c -0.606,0.145 -1.245,0.138 -1.846,-0.022 L 15.846,14.873 C 15.712,14.835 15.582,14.78 15.395,14.7 L 15.307,14.667 C 15.244,14.643 15.181,14.619 15.094,14.576 14.951,14.501 14.825,14.41 14.699,14.317 l 0.102,-0.235 c 0,0 0,0 -10e-4,0 l -0.196,0.171 c -0.041,-0.024 -0.083,-0.05 -0.145,-0.101 L 9.075,9.778 -1.678,7.31 C -2.654,7.085 -3.484,6.495 -4.017,5.646 -4.549,4.797 -4.718,3.792 -4.494,2.815 -4.03,0.8 -2.006,-0.461 0,0\" style=\"fill:#1f1a1a;fill-opacity:1;fill-rule:nonzero;stroke:none\" id=\"path108\"><\/path><\/g><g id=\"g110\" transform=\"matrix(0.35277777,0,0,-0.35277777,30.604469,40.120361)\"><path d=\"M 0,0 C -1.182,3.841 -6.145,6.571 -13.618,7.49 -21.301,8.433 -30.563,7.408 -39.689,4.602 -51.937,0.835 -62.276,-5.116 -67.35,-11.317 c -0.078,-0.095 -0.075,-0.232 0.006,-0.324 0.049,-0.055 0.118,-0.084 0.188,-0.084 0.046,0 0.093,0.013 0.134,0.038 6.384,4.043 14.265,7.565 22.79,10.187 18.982,5.84 33.155,6.653 39.962,2.299 -0.784,-1.547 -3.317,-3.391 -5.015,-4.628 -1.682,-1.225 -2.158,-1.594 -1.98,-1.966 0.134,-0.276 0.465,-0.324 2.058,0.115 6.306,1.737 8.678,4.71 9.071,5.259 0.061,0.038 0.097,0.086 0.118,0.125 0.032,0.06 0.061,0.159 0.019,0.296 z\" style=\"fill:#1f1a1a;fill-opacity:1;fill-rule:nonzero;stroke:none\" id=\"path112\"><\/path><\/g><\/g><\/svg>\t\t\t\t<\/span>\n\t\t\t<\/div>\n\t\t\t\n\t\t\t\t\t\t<div class=\"elementor-icon-box-content\">\n\n\t\t\t\t\t\t\t\t\t<h3 class=\"elementor-icon-box-title\">\n\t\t\t\t\t\t<span  >\n\t\t\t\t\t\t\tWakesurf en stock\t\t\t\t\t\t<\/span>\n\t\t\t\t\t<\/h3>\n\t\t\t\t\n\t\t\t\t\t\t\t\t\t<p class=\"elementor-icon-box-description\">\n\t\t\t\t\t\tLe prix ne doit pas \u00eatre une limite pour acc\u00e9der \u00e0 une planche haut de gamme\t\t\t\t\t<\/p>\n\t\t\t\t\n\t\t\t<\/div>\n\t\t\t\n\t\t<\/div>\n\t\t\t\t\t\t<\/div>\n\t\t\t\t<div class=\"elementor-element elementor-element-78631e5 elementor-widget elementor-widget-jet-woo-products\" data-id=\"78631e5\" data-element_type=\"widget\" data-settings=\"{&quot;columns&quot;:&quot;3&quot;,&quot;columns_mobile&quot;:&quot;1&quot;,&quot;ekit_we_effect_on&quot;:&quot;none&quot;}\" data-widget_type=\"jet-woo-products.default\">\n\t\t\t\t<div class=\"elementor-widget-container\">\n\t\t\t\t\t<div class=\"elementor-jet-woo-products jet-woo-builder\"><div class=\"jet-woo-products jet-woo-products--preset-1 col-row  \" data-mobile-hover=\"\" >\n<div class=\"jet-woo-products__item jet-woo-builder-product\" data-product-id=\"6434\">\n\t<div class=\"jet-woo-products__inner-box\"  >\n\t\t\n<div class=\"jet-woo-product-thumbnail\">\n\t\n\t<a href=\"https:\/\/my-dune.com\/fr\/boutique\/wakesurf-dd-44-copia\/\"><img fetchpriority=\"high\" decoding=\"async\" width=\"576\" height=\"1024\" src=\"https:\/\/my-dune.com\/wp-content\/uploads\/2024\/12\/mars-4-2-blue-576x1024.png\" class=\"attachment-large size-large\" alt=\"evolutiv wakesurf\" \/><\/a>\n\t<div class=\"jet-woo-product-img-overlay\"><\/div>\n\n\t\n\t<\/div><h5 class=\"jet-woo-product-title\"><a href=\"https:\/\/my-dune.com\/fr\/boutique\/wakesurf-dd-44-copia\/\">Wakesurf MARS 4&rsquo;2\u00a0\u00bb<\/a><\/h5>\n<div class=\"jet-woo-product-price\">\n\t<span class=\"price\"><del aria-hidden=\"true\"><span class=\"woocommerce-Price-amount amount\">598,00&nbsp;<span class=\"woocommerce-Price-currencySymbol\">&euro;<\/span><\/span><\/del> <span class=\"screen-reader-text\">Le prix initial \u00e9tait\u00a0: 598,00&nbsp;&euro;.<\/span><ins aria-hidden=\"true\"><span class=\"woocommerce-Price-amount amount\">359,00&nbsp;<span class=\"woocommerce-Price-currencySymbol\">&euro;<\/span><\/span><\/ins><span class=\"screen-reader-text\">Le prix actuel est\u00a0: 359,00&nbsp;&euro;.<\/span><\/span>\n<\/div>\n<div class=\"jet-woo-products-cqw-wrapper\">\n\t<\/div>\t<\/div>\n\n\t<\/div>\n<div class=\"jet-woo-products__item jet-woo-builder-product\" data-product-id=\"6420\">\n\t<div class=\"jet-woo-products__inner-box\"  >\n\t\t\n<div class=\"jet-woo-product-thumbnail\">\n\t\n\t<a href=\"https:\/\/my-dune.com\/fr\/boutique\/dl-full-carbon-43-nouveau-copia\/\"><img decoding=\"async\" width=\"576\" height=\"1024\" src=\"https:\/\/my-dune.com\/wp-content\/uploads\/2024\/12\/image-9-576x1024.png\" class=\"attachment-large size-large\" alt=\"Wakeskim Pruple Carbone Complet 47&quot;\" \/><\/a>\n\t<div class=\"jet-woo-product-img-overlay\"><\/div>\n\n\t\n\t<\/div><h5 class=\"jet-woo-product-title\"><a href=\"https:\/\/my-dune.com\/fr\/boutique\/dl-full-carbon-43-nouveau-copia\/\">DL FULL CARBON 47&Prime; VIOLET<\/a><\/h5>\n<div class=\"jet-woo-product-price\">\n\t<span class=\"price\"><del aria-hidden=\"true\"><span class=\"woocommerce-Price-amount amount\">889,00&nbsp;<span class=\"woocommerce-Price-currencySymbol\">&euro;<\/span><\/span><\/del> <span class=\"screen-reader-text\">Le prix initial \u00e9tait\u00a0: 889,00&nbsp;&euro;.<\/span><ins aria-hidden=\"true\"><span class=\"woocommerce-Price-amount amount\">559,00&nbsp;<span class=\"woocommerce-Price-currencySymbol\">&euro;<\/span><\/span><\/ins><span class=\"screen-reader-text\">Le prix actuel est\u00a0: 559,00&nbsp;&euro;.<\/span><\/span>\n<\/div>\n<div class=\"jet-woo-products-cqw-wrapper\">\n\t<\/div>\t<\/div>\n\n\t<\/div>\n<div class=\"jet-woo-products__item jet-woo-builder-product\" data-product-id=\"6087\">\n\t<div class=\"jet-woo-products__inner-box\"  >\n\t\t\n<div class=\"jet-woo-product-thumbnail\">\n\t\n\t<a href=\"https:\/\/my-dune.com\/fr\/boutique\/dl-43-full-carbon-copia\/\"><img decoding=\"async\" width=\"576\" height=\"1024\" src=\"https:\/\/my-dune.com\/wp-content\/uploads\/2024\/11\/DL-4-3-red-turquoise-new-576x1024.png\" class=\"attachment-large size-large\" alt=\"Wakeskim haut de gamme\" \/><\/a>\n\t<div class=\"jet-woo-product-img-overlay\"><\/div>\n\n\t\n\t<\/div><h5 class=\"jet-woo-product-title\"><a href=\"https:\/\/my-dune.com\/fr\/boutique\/dl-43-full-carbon-copia\/\">DL FULL CARBON 4&rsquo;3&Prime; nouveau<\/a><\/h5>\n<div class=\"jet-woo-product-price\">\n\t<span class=\"price\"><del aria-hidden=\"true\"><span class=\"woocommerce-Price-amount amount\">889,00&nbsp;<span class=\"woocommerce-Price-currencySymbol\">&euro;<\/span><\/span><\/del> <span class=\"screen-reader-text\">Le prix initial \u00e9tait\u00a0: 889,00&nbsp;&euro;.<\/span><ins aria-hidden=\"true\"><span class=\"woocommerce-Price-amount amount\">649,00&nbsp;<span class=\"woocommerce-Price-currencySymbol\">&euro;<\/span><\/span><\/ins><span class=\"screen-reader-text\">Le prix actuel est\u00a0: 649,00&nbsp;&euro;.<\/span><\/span>\n<\/div>\n<div class=\"jet-woo-products-cqw-wrapper\">\n\t<\/div>\t<\/div>\n\n\t<\/div>\n<div class=\"jet-woo-products__item jet-woo-builder-product\" data-product-id=\"4662\">\n\t<div class=\"jet-woo-products__inner-box\"  >\n\t\t\n<div class=\"jet-woo-product-thumbnail\">\n\t\n\t<a href=\"https:\/\/my-dune.com\/fr\/boutique\/wakesurf-dd-44\/\"><img loading=\"lazy\" decoding=\"async\" width=\"768\" height=\"1024\" src=\"https:\/\/my-dune.com\/wp-content\/uploads\/2023\/12\/DD-Wakesurf-deck.png\" class=\"attachment-large size-large\" alt=\"Wakesurf DD seconde main\" \/><\/a>\n\t<div class=\"jet-woo-product-img-overlay\"><\/div>\n\n\t\n\t<\/div><h5 class=\"jet-woo-product-title\"><a href=\"https:\/\/my-dune.com\/fr\/boutique\/wakesurf-dd-44\/\">Wakesurf DD 4&rsquo;4\u00a0\u00bb<\/a><\/h5>\n<div class=\"jet-woo-product-price\">\n\t<span class=\"price\"><del aria-hidden=\"true\"><span class=\"woocommerce-Price-amount amount\">599,00&nbsp;<span class=\"woocommerce-Price-currencySymbol\">&euro;<\/span><\/span><\/del> <span class=\"screen-reader-text\">Le prix initial \u00e9tait\u00a0: 599,00&nbsp;&euro;.<\/span><ins aria-hidden=\"true\"><span class=\"woocommerce-Price-amount amount\">149,00&nbsp;<span class=\"woocommerce-Price-currencySymbol\">&euro;<\/span><\/span><\/ins><span class=\"screen-reader-text\">Le prix actuel est\u00a0: 149,00&nbsp;&euro;.<\/span><\/span>\n<\/div>\n<div class=\"jet-woo-products-cqw-wrapper\">\n\t<\/div>\t<\/div>\n\n\t<\/div>\n<div class=\"jet-woo-products__item jet-woo-builder-product\" data-product-id=\"4665\">\n\t<div class=\"jet-woo-products__inner-box\"  >\n\t\t\n<div class=\"jet-woo-product-thumbnail\">\n\t\n\t<a href=\"https:\/\/my-dune.com\/fr\/boutique\/dl-43-full-carbon\/\"><img loading=\"lazy\" decoding=\"async\" width=\"768\" height=\"1024\" src=\"https:\/\/my-dune.com\/wp-content\/uploads\/2023\/12\/wakesurf-dl-43-deck.png\" class=\"attachment-large size-large\" alt=\"wakesurf DL 43 seconde main\" \/><\/a>\n\t<div class=\"jet-woo-product-img-overlay\"><\/div>\n\n\t\n\t<\/div><h5 class=\"jet-woo-product-title\"><a href=\"https:\/\/my-dune.com\/fr\/boutique\/dl-43-full-carbon\/\">DL 4&rsquo;3\u00a0\u00bb full carbon<\/a><\/h5>\n<div class=\"jet-woo-product-price\">\n\t<span class=\"price\"><del aria-hidden=\"true\"><span class=\"woocommerce-Price-amount amount\">899,00&nbsp;<span class=\"woocommerce-Price-currencySymbol\">&euro;<\/span><\/span><\/del> <span class=\"screen-reader-text\">Le prix initial \u00e9tait\u00a0: 899,00&nbsp;&euro;.<\/span><ins aria-hidden=\"true\"><span class=\"woocommerce-Price-amount amount\">299,00&nbsp;<span class=\"woocommerce-Price-currencySymbol\">&euro;<\/span><\/span><\/ins><span class=\"screen-reader-text\">Le prix actuel est\u00a0: 299,00&nbsp;&euro;.<\/span><\/span>\n<\/div>\n<div class=\"jet-woo-products-cqw-wrapper\">\n\t<\/div>\t<\/div>\n\n\t<\/div>\n<div class=\"jet-woo-products__item jet-woo-builder-product\" data-product-id=\"4668\">\n\t<div class=\"jet-woo-products__inner-box\"  >\n\t\t\n<div class=\"jet-woo-product-thumbnail\">\n\t\n\t<a href=\"https:\/\/my-dune.com\/fr\/boutique\/wakesurf-metis-46\/\"><img loading=\"lazy\" decoding=\"async\" width=\"735\" height=\"1024\" src=\"https:\/\/my-dune.com\/wp-content\/uploads\/2023\/12\/wakesurf-metis-deck.png\" class=\"attachment-large size-large\" alt=\"wakesurf metis\" \/><\/a>\n\t<div class=\"jet-woo-product-img-overlay\"><\/div>\n\n\t\n\t<\/div><h5 class=\"jet-woo-product-title\"><a href=\"https:\/\/my-dune.com\/fr\/boutique\/wakesurf-metis-46\/\">Wakesurf Metis 4,6<\/a><\/h5>\n<div class=\"jet-woo-product-price\">\n\t<span class=\"price\"><del aria-hidden=\"true\"><span class=\"woocommerce-Price-amount amount\">699,00&nbsp;<span class=\"woocommerce-Price-currencySymbol\">&euro;<\/span><\/span><\/del> <span class=\"screen-reader-text\">Le prix initial \u00e9tait\u00a0: 699,00&nbsp;&euro;.<\/span><ins aria-hidden=\"true\"><span class=\"woocommerce-Price-amount amount\">189,00&nbsp;<span class=\"woocommerce-Price-currencySymbol\">&euro;<\/span><\/span><\/ins><span class=\"screen-reader-text\">Le prix actuel est\u00a0: 189,00&nbsp;&euro;.<\/span><\/span>\n<\/div>\n<div class=\"jet-woo-products-cqw-wrapper\">\n\t<\/div>\t<\/div>\n\n\t<\/div>\n<div class=\"jet-woo-products__item jet-woo-builder-product\" data-product-id=\"4672\">\n\t<div class=\"jet-woo-products__inner-box\"  >\n\t\t\n<div class=\"jet-woo-product-thumbnail\">\n\t\n\t<a href=\"https:\/\/my-dune.com\/fr\/boutique\/metis-46-neuf-avec-pont-sable\/\"><img loading=\"lazy\" decoding=\"async\" width=\"735\" height=\"1024\" src=\"https:\/\/my-dune.com\/wp-content\/uploads\/2023\/11\/metis-wakesurf-46.jpg\" class=\"attachment-large size-large\" alt=\"Wakesurf Metis 46\" \/><\/a>\n\t<div class=\"jet-woo-product-img-overlay\"><\/div>\n\n\t\n\t<\/div><h5 class=\"jet-woo-product-title\"><a href=\"https:\/\/my-dune.com\/fr\/boutique\/metis-46-neuf-avec-pont-sable\/\">Metis 4&rsquo;6\u00a0\u00bb neuf avec pont sabl\u00e9<\/a><\/h5>\n<div class=\"jet-woo-product-price\">\n\t<span class=\"price\"><del aria-hidden=\"true\"><span class=\"woocommerce-Price-amount amount\">699,00&nbsp;<span class=\"woocommerce-Price-currencySymbol\">&euro;<\/span><\/span><\/del> <span class=\"screen-reader-text\">Le prix initial \u00e9tait\u00a0: 699,00&nbsp;&euro;.<\/span><ins aria-hidden=\"true\"><span class=\"woocommerce-Price-amount amount\">499,00&nbsp;<span class=\"woocommerce-Price-currencySymbol\">&euro;<\/span><\/span><\/ins><span class=\"screen-reader-text\">Le prix actuel est\u00a0: 499,00&nbsp;&euro;.<\/span><\/span>\n<\/div>\n<div class=\"jet-woo-products-cqw-wrapper\">\n\t<\/div>\t<\/div>\n\n\t<\/div><\/div>\n<\/div>\t\t\t\t<\/div>\n\t\t\t\t<\/div>\n\t\t<a class=\"eael-wrapper-link-35c9522 --eael-wrapper-link-tag\" href=\"https:\/\/my-dune.com\/my-dune\/\"><\/a>\t\t<div data-eael-wrapper-link=\"eael-wrapper-link-35c9522\" class=\"elementor-element elementor-element-35c9522 elementor-cta--layout-image-left elementor-cta--skin-classic elementor-animated-content elementor-bg-transform elementor-bg-transform-zoom-in elementor-widget elementor-widget-call-to-action\" data-id=\"35c9522\" data-element_type=\"widget\" data-settings=\"{&quot;ekit_we_effect_on&quot;:&quot;none&quot;}\" data-widget_type=\"call-to-action.default\">\n\t\t\t\t\t\t\t<div class=\"elementor-cta\">\n\t\t\t\t\t<div class=\"elementor-cta__bg-wrapper\">\n\t\t\t\t<div class=\"elementor-cta__bg elementor-bg\" style=\"background-image: url(https:\/\/my-dune.com\/wp-content\/uploads\/2024\/05\/mydune_800x600.jpg);\" role=\"img\" aria-label=\"My Dune\"><\/div>\n\t\t\t\t<div class=\"elementor-cta__bg-overlay\"><\/div>\n\t\t\t<\/div>\n\t\t\t\t\t\t\t<div class=\"elementor-cta__content\">\n\t\t\t\t\n\t\t\t\t\t\t\t\t\t<h2 class=\"elementor-cta__title elementor-cta__content-item elementor-content-item\">\n\t\t\t\t\t\t<br>Tableau personnalis\u00e9 My Dune\t\t\t\t\t<\/h2>\n\t\t\t\t\n\t\t\t\t\t\t\t\t\t<div class=\"elementor-cta__description elementor-cta__content-item elementor-content-item\">\n\t\t\t\t\t\t<p>Pour les riders les plus exigeants !<\/p>\n\t\t\t\t\t<\/div>\n\t\t\t\t\n\t\t\t\t\t\t\t\t\t<div class=\"elementor-cta__button-wrapper elementor-cta__content-item elementor-content-item \">\n\t\t\t\t\t<a class=\"elementor-cta__button elementor-button elementor-size-md\" href=\"https:\/\/my-dune.com\/my-dune\/\">\n\t\t\t\t\t\tGalerie My Dune\t\t\t\t\t<\/a>\n\t\t\t\t\t<\/div>\n\t\t\t\t\t\t\t<\/div>\n\t\t\t\t\t\t<\/div>\n\t\t\t\t\t\t<\/div>\n\t\t\t\t\t<\/div>\n\t\t<\/div>\n\t\t\t\t\t<\/div>\n\t\t<\/section>\n\t\t\t\t<\/div>\n\t\t","protected":false},"excerpt":{"rendered":"<p>Nos planches de Wakesurf sans d\u00e9lai Profite de l&rsquo;opportunit\u00e9 d&rsquo;obtenir une planche exclusive \u00e0 bon prix. Chez Dune, toutes nos planches sont fabriqu\u00e9es \u00e0 la main. D\u00e9couvre nos mod\u00e8les \u00e9labor\u00e9s avec les meilleurs mat\u00e9riaux et technologies. Tu peux aussi configurer ta planche, la personnaliser \u00e0 ton go\u00fbt et la demander sur mesure. Tu as un [&hellip;]<\/p>\n","protected":false},"author":2,"featured_media":0,"parent":4564,"menu_order":0,"comment_status":"closed","ping_status":"closed","template":"elementor_header_footer","meta":{"_seopress_robots_primary_cat":"","_seopress_titles_title":"Ach\u00e8te Ton Wakesurf Sur Mesure Chez Dune - Qualit\u00e9 Sup\u00e9rieure!","_seopress_titles_desc":"D\u00e9couvrez nos Wakesurf haut de gamme et personnalisables \u00e0 prix r\u00e9duit. Fabrication artisanale, mat\u00e9riaux de qualit\u00e9. Stocks disponibles!","_seopress_robots_index":"","footnotes":""},"class_list":["post-4568","page","type-page","status-publish","hentry"],"_links":{"self":[{"href":"https:\/\/my-dune.com\/fr\/wp-json\/wp\/v2\/pages\/4568","targetHints":{"allow":["GET"]}}],"collection":[{"href":"https:\/\/my-dune.com\/fr\/wp-json\/wp\/v2\/pages"}],"about":[{"href":"https:\/\/my-dune.com\/fr\/wp-json\/wp\/v2\/types\/page"}],"author":[{"embeddable":true,"href":"https:\/\/my-dune.com\/fr\/wp-json\/wp\/v2\/users\/2"}],"replies":[{"embeddable":true,"href":"https:\/\/my-dune.com\/fr\/wp-json\/wp\/v2\/comments?post=4568"}],"version-history":[{"count":14,"href":"https:\/\/my-dune.com\/fr\/wp-json\/wp\/v2\/pages\/4568\/revisions"}],"predecessor-version":[{"id":6509,"href":"https:\/\/my-dune.com\/fr\/wp-json\/wp\/v2\/pages\/4568\/revisions\/6509"}],"up":[{"embeddable":true,"href":"https:\/\/my-dune.com\/fr\/wp-json\/wp\/v2\/pages\/4564"}],"wp:attachment":[{"href":"https:\/\/my-dune.com\/fr\/wp-json\/wp\/v2\/media?parent=4568"}],"curies":[{"name":"wp","href":"https:\/\/api.w.org\/{rel}","templated":true}]}}