{"id":4556,"date":"2023-11-12T23:59:22","date_gmt":"2023-11-12T22:59:22","guid":{"rendered":"https:\/\/dune.xanelabs.com\/boutique-skimboard\/"},"modified":"2025-12-11T22:14:30","modified_gmt":"2025-12-11T21:14:30","slug":"boutique-skimboard","status":"publish","type":"page","link":"https:\/\/my-dune.com\/fr\/boutique-skimboard\/","title":{"rendered":"Boutique &#8211; Skimboard"},"content":{"rendered":"\t\t<div data-elementor-type=\"wp-page\" data-elementor-id=\"4556\" class=\"elementor elementor-4556 elementor-1296\" data-elementor-post-type=\"page\">\n\t\t\t\t\t\t<section data-particle_enable=\"false\" data-particle-mobile-disabled=\"false\" class=\"elementor-section elementor-top-section elementor-element elementor-element-af88e9d elementor-section-boxed elementor-section-height-default elementor-section-height-default\" data-id=\"af88e9d\" data-element_type=\"section\" data-settings=\"{&quot;background_background&quot;:&quot;classic&quot;,&quot;jet_parallax_layout_list&quot;:[]}\">\n\t\t\t\t\t\t\t<div class=\"elementor-background-overlay\"><\/div>\n\t\t\t\t\t\t\t<div class=\"elementor-container elementor-column-gap-default\">\n\t\t\t\t\t<div class=\"elementor-column elementor-col-100 elementor-top-column elementor-element elementor-element-10d392e\" data-id=\"10d392e\" data-element_type=\"column\">\n\t\t\t<div class=\"elementor-widget-wrap elementor-element-populated\">\n\t\t\t\t\t\t<div class=\"elementor-element elementor-element-599d27c elementor-widget elementor-widget-heading\" data-id=\"599d27c\" data-element_type=\"widget\" data-settings=\"{&quot;ekit_we_effect_on&quot;:&quot;none&quot;}\" data-widget_type=\"heading.default\">\n\t\t\t\t\t<h1 class=\"elementor-heading-title elementor-size-default\">Choisis ton skimboard<\/h1>\t\t\t\t<\/div>\n\t\t\t\t<div class=\"elementor-element elementor-element-5abe145 elementor-widget elementor-widget-heading\" data-id=\"5abe145\" data-element_type=\"widget\" data-settings=\"{&quot;ekit_we_effect_on&quot;:&quot;none&quot;}\" data-widget_type=\"heading.default\">\n\t\t\t\t\t<h2 class=\"elementor-heading-title elementor-size-default\">Amuse-toi sur les vagues et apprends \u00e0 glisser avec pr\u00e9cision\n<\/h2>\t\t\t\t<\/div>\n\t\t\t\t<div class=\"elementor-element elementor-element-5eab862 elementor-widget elementor-widget-text-editor\" data-id=\"5eab862\" data-element_type=\"widget\" data-settings=\"{&quot;ekit_we_effect_on&quot;:&quot;none&quot;}\" data-widget_type=\"text-editor.default\">\n\t\t\t\t\t\t\t\t\tChez Dune, toutes nos planches sont fabriqu\u00e9es \u00e0 la main. D\u00e9couvrez nos mod\u00e8les classiques, fabriqu\u00e9s avec les meilleurs mat\u00e9riaux et technologies.\nVous pouvez aussi configurer votre planche, la personnaliser \u00e0 votre go\u00fbt, et la commander \u00e0 votre convenance.\n\nTu as un doute ? Contacte-<a href=\"https:\/\/my-dune.com\/fr\/contact\/\" style=\"color:#fff;\">nous<\/a>.\t\t\t\t\t\t\t\t<\/div>\n\t\t\t\t\t<\/div>\n\t\t<\/div>\n\t\t\t\t\t<\/div>\n\t\t<\/section>\n\t\t\t\t<section data-particle_enable=\"false\" data-particle-mobile-disabled=\"false\" class=\"elementor-section elementor-top-section elementor-element elementor-element-2535cd6 elementor-section-boxed elementor-section-height-default elementor-section-height-default\" data-id=\"2535cd6\" data-element_type=\"section\" id=\"wakesurf\" data-settings=\"{&quot;jet_parallax_layout_list&quot;:[]}\">\n\t\t\t\t\t\t<div class=\"elementor-container elementor-column-gap-default\">\n\t\t\t\t\t<div class=\"elementor-column elementor-col-100 elementor-top-column elementor-element elementor-element-530b075\" data-id=\"530b075\" data-element_type=\"column\">\n\t\t\t<div class=\"elementor-widget-wrap elementor-element-populated\">\n\t\t\t\t\t\t<div class=\"elementor-element elementor-element-873acbd elementor-position-inline-start elementor-view-default elementor-mobile-position-block-start elementor-widget elementor-widget-icon-box\" data-id=\"873acbd\" data-element_type=\"widget\" data-settings=\"{&quot;ekit_we_effect_on&quot;:&quot;none&quot;}\" data-widget_type=\"icon-box.default\">\n\t\t\t\t\t\t\t<div class=\"elementor-icon-box-wrapper\">\n\n\t\t\t\t\t\t<div class=\"elementor-icon-box-icon\">\n\t\t\t\t<span  class=\"elementor-icon\">\n\t\t\t\t<svg xmlns:inkscape=\"http:\/\/www.inkscape.org\/namespaces\/inkscape\" xmlns:sodipodi=\"http:\/\/sodipodi.sourceforge.net\/DTD\/sodipodi-0.dtd\" xmlns=\"http:\/\/www.w3.org\/2000\/svg\" xmlns:svg=\"http:\/\/www.w3.org\/2000\/svg\" width=\"250\" height=\"250\" viewBox=\"0 0 66.145832 66.145833\" id=\"svg454\" inkscape:version=\"1.2 (dc2aedaf03, 2022-05-15)\" sodipodi:docname=\"skimboard.svg\"><defs id=\"defs451\"><\/defs><g inkscape:label=\"Capa 1\" inkscape:groupmode=\"layer\" id=\"layer1\"><g id=\"g62\" transform=\"matrix(0.35277777,0,0,-0.35277777,61.335496,38.585229)\"><path d=\"m 0,0 c -0.065,0.045 -6.676,4.524 -18.307,6.743 -1.189,0.227 -2.463,0.433 -3.811,0.611 0.277,0.09 0.543,0.216 0.782,0.397 0.568,0.429 0.935,1.054 1.032,1.76 l 2.418,17.577 h 1.691 l 1.76,-17.791 c 0.135,-1.366 1.269,-2.395 2.64,-2.395 h 10e-4 c 0.087,0 0.175,0.004 0.265,0.013 1.458,0.144 2.525,1.447 2.382,2.905 l -1.999,20.179 -0.289,10.003 2.559,-3.812 v -5.157 c 0,-1.465 1.192,-2.656 2.657,-2.656 1.465,0 2.656,1.191 2.656,2.656 v 5.966 c 0,0.528 -0.155,1.04 -0.45,1.48 l -4.942,7.36 c -0.494,0.736 -1.318,1.176 -2.205,1.176 h -12.406 c -0.335,0 -0.663,-0.062 -0.972,-0.184 l -7.941,-3.121 -5.191,1.701 c -0.666,0.217 -1.397,0.156 -2.026,-0.164 l -0.168,0.081 c -0.228,0.11 -0.501,0.094 -0.715,-0.041 -5.183,-3.32 -9.744,-8.669 -12.846,-15.064 -3.925,-8.09 -5.072,-16.694 -3.147,-23.606 0.056,-0.2 0.197,-0.369 0.385,-0.461 v 0 c 0.101,-0.049 0.208,-0.073 0.32,-0.073 0.097,0 0.192,0.019 0.282,0.056 6.62,2.766 12.668,8.992 16.593,17.081 2.477,5.106 3.853,10.535 3.987,15.727 l 1.78,-0.583 c 0.59,-0.192 1.228,-0.172 1.799,0.052 l 8.363,3.286 h 0.381 L -22.843,30.04 -25.567,10.236 c -0.097,-0.703 0.086,-1.402 0.514,-1.967 0.205,-0.27 0.456,-0.491 0.737,-0.662 -10.708,1.068 -25.692,0.107 -43.646,-7.583 -0.119,-0.051 -0.485,-0.279 -0.194,-1.07 0.656,-1.781 4.83,-6.38 14.956,-6.38 3.935,0 8.77,0.695 14.646,2.519 12.182,3.782 21.661,3.955 27.46,3.437 6.288,-0.563 9.74,-2.039 9.775,-2.053 0.062,-0.029 0.135,-0.029 0.2,0 0.063,0.027 0.112,0.081 0.136,0.146 l 1.078,3.088 C 0.132,-0.182 0.093,-0.064 0,0\" style=\"fill:#1f1a1a;fill-opacity:1;fill-rule:nonzero;stroke:none\" id=\"path64\"><\/path><\/g><g id=\"g66\" transform=\"matrix(0.35277777,0,0,-0.35277777,55.57527,21.349071)\"><path d=\"m 0,0 c 2.951,0 5.352,2.401 5.352,5.352 0,2.951 -2.401,5.352 -5.352,5.352 -2.951,0 -5.353,-2.401 -5.353,-5.352 C -5.353,2.401 -2.951,0 0,0\" style=\"fill:#1f1a1a;fill-opacity:1;fill-rule:nonzero;stroke:none\" id=\"path68\"><\/path><\/g><g id=\"g70\" transform=\"matrix(0.35277777,0,0,-0.35277777,27.16978,24.346977)\"><path d=\"m 0,0 c 0,3.973 -3.232,7.205 -7.205,7.205 -3.973,0 -7.205,-3.232 -7.205,-7.205 0,-3.973 3.232,-7.205 7.205,-7.205 C -3.232,-7.205 0,-3.973 0,0\" style=\"fill:#1f1a1a;fill-opacity:1;fill-rule:nonzero;stroke:none\" id=\"path72\"><\/path><\/g><g id=\"g74\" transform=\"matrix(0.35277777,0,0,-0.35277777,32.079036,33.102709)\"><path d=\"m 0,0 c 0.703,-0.972 1.84,-1.553 3.041,-1.553 0.793,10e-4 1.552,0.247 2.194,0.712 1.676,1.213 2.053,3.562 0.841,5.237 l -6.467,8.939 c -0.523,0.724 -1.29,1.238 -2.158,1.448 l -11.031,2.662 c -0.608,0.146 -1.245,0.137 -1.847,-0.022 l -8.595,-2.296 c -0.135,-0.038 -0.266,-0.092 -0.452,-0.172 l -0.084,-0.033 c -0.065,-0.024 -0.129,-0.048 -0.217,-0.091 -0.142,-0.076 -0.269,-0.167 -0.395,-0.259 l -0.097,-0.065 c -0.041,-0.024 -0.081,-0.049 -0.142,-0.1 l -5.384,-4.375 -10.753,-2.468 c -0.976,-0.224 -1.807,-0.814 -2.339,-1.663 -0.532,-0.849 -0.701,-1.854 -0.477,-2.83 0.224,-0.978 0.815,-1.81 1.665,-2.342 0.847,-0.53 1.849,-0.699 2.828,-0.474 l 11.602,2.662 c 0.556,0.128 1.084,0.385 1.526,0.745 l 2.546,2.068 4.652,-8.777 -12.421,-8.385 c -1.477,-0.997 -2.05,-2.914 -1.36,-4.558 l 2.472,-5.896 c 0.585,-1.397 1.944,-2.301 3.459,-2.301 0.498,0 0.987,0.099 1.45,0.293 1.906,0.799 2.807,3.001 2.007,4.909 l -1.283,3.059 10.147,6.848 -3.42,-6.101 c -1.011,-1.803 -0.365,-4.093 1.437,-5.105 1.804,-1.01 4.095,-0.365 5.105,1.438 l 7.037,12.553 c 0.362,0.645 0.513,1.403 0.434,2.139 0.049,0.397 0.049,0.726 0,1.036 L -6.213,7.951 -5.655,7.817 Z\" style=\"fill:#1f1a1a;fill-opacity:1;fill-rule:nonzero;stroke:none\" id=\"path76\"><\/path><\/g><g id=\"g78\" transform=\"matrix(0.35277777,0,0,-0.35277777,36.65033,43.634537)\"><path d=\"m 0,0 c -2.517,8.18 -21.064,10.33 -39.69,4.602 -12.248,-3.767 -22.588,-9.717 -27.661,-15.918 -0.078,-0.095 -0.075,-0.232 0.006,-0.324 0.049,-0.056 0.118,-0.085 0.188,-0.085 0.046,0 0.093,0.013 0.134,0.039 6.384,4.043 14.265,7.565 22.789,10.187 18.982,5.838 33.157,6.653 39.963,2.298 -0.784,-1.547 -3.317,-3.391 -5.015,-4.627 -1.682,-1.225 -2.159,-1.594 -1.98,-1.966 0.134,-0.276 0.463,-0.326 2.058,0.114 6.313,1.741 8.678,4.71 9.071,5.26 0.06,0.037 0.095,0.085 0.116,0.124 0.033,0.058 0.062,0.157 0.021,0.294 z\" style=\"fill:#1f1a1a;fill-opacity:1;fill-rule:nonzero;stroke:none\" id=\"path80\"><\/path><\/g><g id=\"g82\" transform=\"matrix(0.35277777,0,0,-0.35277777,13.873798,38.2273)\"><path d=\"m 0,0 c 1.607,-2.483 3.762,-4.618 6.402,-6.344 0.042,-0.028 0.089,-0.041 0.137,-0.041 0.061,0 0.12,0.022 0.167,0.064 0.084,0.076 0.107,0.199 0.056,0.3 -3.223,6.32 -4.857,13.131 -4.857,20.242 0,24.619 20.03,44.648 44.649,44.648 4.13,0 8.249,-0.577 12.242,-1.713 0.108,-0.032 0.225,0.015 0.283,0.112 0.058,0.097 0.043,0.221 -0.035,0.302 C 48.03,68.937 23.78,69.397 6.088,58.581 -6.663,50.784 -15.903,37.745 -18.629,23.702 c -1.764,-9.085 -0.52,-17.331 3.408,-22.625 0.066,-0.087 0.176,-0.122 0.28,-0.089 0.101,0.033 0.17,0.129 0.171,0.236 0.141,22.286 5.796,29.15 9.659,32.991 C -6.328,30.367 -6.945,26.375 -6.945,22.333 -6.945,14.31 -4.542,6.585 0,0\" style=\"fill:#1f1a1a;fill-opacity:1;fill-rule:nonzero;stroke:none\" id=\"path84\"><\/path><\/g><\/g><\/svg>\t\t\t\t<\/span>\n\t\t\t<\/div>\n\t\t\t\n\t\t\t\t\t\t<div class=\"elementor-icon-box-content\">\n\n\t\t\t\t\t\t\t\t\t<h3 class=\"elementor-icon-box-title\">\n\t\t\t\t\t\t<span  >\n\t\t\t\t\t\t\tSkimboard\t\t\t\t\t\t<\/span>\n\t\t\t\t\t<\/h3>\n\t\t\t\t\n\t\t\t\t\t\t\t\t\t<p class=\"elementor-icon-box-description\">\n\t\t\t\t\t\tChoisis la meilleure planche pour surfer le shorebreak avec style et pr\u00e9cision.\t\t\t\t\t<\/p>\n\t\t\t\t\n\t\t\t<\/div>\n\t\t\t\n\t\t<\/div>\n\t\t\t\t\t\t<\/div>\n\t\t\t\t\t<\/div>\n\t\t<\/div>\n\t\t\t\t\t<\/div>\n\t\t<\/section>\n\t\t\t\t<section data-particle_enable=\"false\" data-particle-mobile-disabled=\"false\" class=\"elementor-section elementor-top-section elementor-element elementor-element-d8182b9 elementor-section-boxed elementor-section-height-default elementor-section-height-default\" data-id=\"d8182b9\" data-element_type=\"section\" data-settings=\"{&quot;jet_parallax_layout_list&quot;:[]}\">\n\t\t\t\t\t\t<div class=\"elementor-container elementor-column-gap-default\">\n\t\t\t\t\t<div class=\"elementor-column elementor-col-100 elementor-top-column elementor-element elementor-element-2883f09\" data-id=\"2883f09\" data-element_type=\"column\">\n\t\t\t<div class=\"elementor-widget-wrap elementor-element-populated\">\n\t\t\t\t\t\t<div class=\"elementor-element elementor-element-badf8a9 elementor-widget elementor-widget-icon-box\" data-id=\"badf8a9\" data-element_type=\"widget\" data-settings=\"{&quot;ekit_we_effect_on&quot;:&quot;none&quot;}\" data-widget_type=\"icon-box.default\">\n\t\t\t\t\t\t\t<div class=\"elementor-icon-box-wrapper\">\n\n\t\t\t\n\t\t\t\t\t\t<div class=\"elementor-icon-box-content\">\n\n\t\t\t\t\t\t\t\t\t<h3 class=\"elementor-icon-box-title\">\n\t\t\t\t\t\t<span  >\n\t\t\t\t\t\t\tCollection Skimboard 2026\t\t\t\t\t\t<\/span>\n\t\t\t\t\t<\/h3>\n\t\t\t\t\n\t\t\t\t\n\t\t\t<\/div>\n\t\t\t\n\t\t<\/div>\n\t\t\t\t\t\t<\/div>\n\t\t\t\t<div class=\"elementor-element elementor-element-46a4e1a elementor-widget elementor-widget-elementskit-woo-product-list\" data-id=\"46a4e1a\" data-element_type=\"widget\" data-settings=\"{&quot;ekit_we_effect_on&quot;:&quot;none&quot;}\" data-widget_type=\"elementskit-woo-product-list.default\">\n\t\t\t\t\t<div class=\"ekit-wid-con\" >\t\t<div class=\"ekit-wc-products ekit-wc-products-skin-default ekit-wc-carousel-desc-position-outside\">\n\t\t\t\t\t<div class=\"ekit-wc-products-wrapper ekit-grid ekit-grid-medium woocommerce\" style=\"--ekit-woo-desktop-columns: 3; --ekit-woo-tablet-columns: 2; --ekit-woo-mobile-columns: 1;\">\n\t\t\t\t\t\t\t<ul class=\"products ekit-woo-product-list-widget\">\n\t\t\t\t\t\t\t\t\t\t\t<li class=\"ekit-wc-product product ekit-wc-product-alignment-vertical ekit-desc-horizontal-align-center ekit-desc-vertical-align-center ekit-wc-flip- ekit-wc-vertical-align-center\">\n\t\t\t\t\t\t\t<div class=\"ekit-wc-product-inner\">\n\n\t\t\t\t\t\t\t\t\t<div class=\"ekit-wc-product-image ekit-background-cover\">\n\n\t\t\t\n\t\t\t<!-- popup content -->\n\t\t\t\n\t\t\t<!-- badge content -->\n\t\t\t\n\t\t\t<!-- Thumb content -->\n\t\t\t<a class=\"ekit_woo_product_img_link\" href=\"https:\/\/my-dune.com\/fr\/boutique\/skimboard-lagoa\/\">\n\t\t\t\t<img decoding=\"async\" src=\"https:\/\/my-dune.com\/wp-content\/uploads\/2023\/07\/skimboard-lagoa-2026_v2.png\" alt=\"Product Thumb\">\n\t\t\t<\/a>\n\n\t\t\t<!-- Add to cart button -->\n\t\t\t\t\t<\/div>\n\t\t\t\t\t<div class=\"ekit-wc-product-desc\">\n\t\t\t\t<div class=\"ekit-wc-product-desc-inner\">\n\t\t\t\t\t<!-- categories -->\n\t\t\t\t\t\t\t\t\t\t<!-- end categories -->\n\t\t\t\t\t\t\t\t\t\t\t<a href=\"https:\/\/my-dune.com\/fr\/boutique\/skimboard-lagoa\/\" class=\"ekit-link-reset\">\n\t\t\t\t\t\t\t<h2 class=\"ekit-wc-product-title\">\n\t\t\t\t\t\t\t\tSkimboard LAGOA\t\t\t\t\t\t\t<\/h2>\n\t\t\t\t\t\t<\/a>\n\t\t\t\t\t\n\t\t\t\t\t\n\t\t\t\t\t\t\t\t\t\t\t\t\t\t\t\t\t\t<div class=\"ekit-wc-product-price\">\n\t\t\t\t\t\t\t\t<p class=\"price\"><span class=\"woocommerce-Price-amount amount\"><bdi>439,00&nbsp;<span class=\"woocommerce-Price-currencySymbol\">&euro;<\/span><\/bdi><\/span><\/p>\n\t\t\t\t\t\t\t<\/div>\n\t\t\t\t\t\t\n\n\t\t\t\t\t\t\t\t\t<\/div>\n\t\t\t<\/div>\n\t\t\n\n\t\t\t\t\t\t\t<\/div>\n\n\t\t\t\t\t\t<\/li>\n\t\t\t\t\t\t\t\t\t\t\t<li class=\"ekit-wc-product product ekit-wc-product-alignment-vertical ekit-desc-horizontal-align-center ekit-desc-vertical-align-center ekit-wc-flip- ekit-wc-vertical-align-center\">\n\t\t\t\t\t\t\t<div class=\"ekit-wc-product-inner\">\n\n\t\t\t\t\t\t\t\t\t<div class=\"ekit-wc-product-image ekit-background-cover\">\n\n\t\t\t\n\t\t\t<!-- popup content -->\n\t\t\t\n\t\t\t<!-- badge content -->\n\t\t\t\n\t\t\t<!-- Thumb content -->\n\t\t\t<a class=\"ekit_woo_product_img_link\" href=\"https:\/\/my-dune.com\/fr\/boutique\/skimboard-lim\/\">\n\t\t\t\t<img decoding=\"async\" src=\"https:\/\/my-dune.com\/wp-content\/uploads\/2024\/05\/2026_lim_yellow.png\" alt=\"Product Thumb\">\n\t\t\t<\/a>\n\n\t\t\t<!-- Add to cart button -->\n\t\t\t\t\t<\/div>\n\t\t\t\t\t<div class=\"ekit-wc-product-desc\">\n\t\t\t\t<div class=\"ekit-wc-product-desc-inner\">\n\t\t\t\t\t<!-- categories -->\n\t\t\t\t\t\t\t\t\t\t<!-- end categories -->\n\t\t\t\t\t\t\t\t\t\t\t<a href=\"https:\/\/my-dune.com\/fr\/boutique\/skimboard-lim\/\" class=\"ekit-link-reset\">\n\t\t\t\t\t\t\t<h2 class=\"ekit-wc-product-title\">\n\t\t\t\t\t\t\t\tSkimboard LIM\t\t\t\t\t\t\t<\/h2>\n\t\t\t\t\t\t<\/a>\n\t\t\t\t\t\n\t\t\t\t\t\n\t\t\t\t\t\t\t\t\t\t\t\t\t\t\t\t\t\t<div class=\"ekit-wc-product-price\">\n\t\t\t\t\t\t\t\t<p class=\"price\"><span class=\"woocommerce-Price-amount amount\" aria-hidden=\"true\"><bdi>289,00&nbsp;<span class=\"woocommerce-Price-currencySymbol\">&euro;<\/span><\/bdi><\/span> <span aria-hidden=\"true\">\u00a0\u2013\u00a0<\/span> <span class=\"woocommerce-Price-amount amount\" aria-hidden=\"true\"><bdi>319,00&nbsp;<span class=\"woocommerce-Price-currencySymbol\">&euro;<\/span><\/bdi><\/span><span class=\"screen-reader-text\">Plage de prix\u00a0: 289,00&nbsp;&euro; \u00e0 319,00&nbsp;&euro;<\/span><\/p>\n\t\t\t\t\t\t\t<\/div>\n\t\t\t\t\t\t\n\n\t\t\t\t\t\t\t\t\t<\/div>\n\t\t\t<\/div>\n\t\t\n\n\t\t\t\t\t\t\t<\/div>\n\n\t\t\t\t\t\t<\/li>\n\t\t\t\t\t\t\t\t\t\t\t<li class=\"ekit-wc-product product ekit-wc-product-alignment-vertical ekit-desc-horizontal-align-center ekit-desc-vertical-align-center ekit-wc-flip- ekit-wc-vertical-align-center\">\n\t\t\t\t\t\t\t<div class=\"ekit-wc-product-inner\">\n\n\t\t\t\t\t\t\t\t\t<div class=\"ekit-wc-product-image ekit-background-cover\">\n\n\t\t\t\n\t\t\t<!-- popup content -->\n\t\t\t\n\t\t\t<!-- badge content -->\n\t\t\t\n\t\t\t<!-- Thumb content -->\n\t\t\t<a class=\"ekit_woo_product_img_link\" href=\"https:\/\/my-dune.com\/fr\/boutique\/skimboard-lim-full-carbon\/\">\n\t\t\t\t<img decoding=\"async\" src=\"https:\/\/my-dune.com\/wp-content\/uploads\/2024\/05\/2026_lim_turquoise_pink_carbon.png\" alt=\"Product Thumb\">\n\t\t\t<\/a>\n\n\t\t\t<!-- Add to cart button -->\n\t\t\t\t\t<\/div>\n\t\t\t\t\t<div class=\"ekit-wc-product-desc\">\n\t\t\t\t<div class=\"ekit-wc-product-desc-inner\">\n\t\t\t\t\t<!-- categories -->\n\t\t\t\t\t\t\t\t\t\t<!-- end categories -->\n\t\t\t\t\t\t\t\t\t\t\t<a href=\"https:\/\/my-dune.com\/fr\/boutique\/skimboard-lim-full-carbon\/\" class=\"ekit-link-reset\">\n\t\t\t\t\t\t\t<h2 class=\"ekit-wc-product-title\">\n\t\t\t\t\t\t\t\tSkimboard LIM FULL CARBON\t\t\t\t\t\t\t<\/h2>\n\t\t\t\t\t\t<\/a>\n\t\t\t\t\t\n\t\t\t\t\t\n\t\t\t\t\t\t\t\t\t\t\t\t\t\t\t\t\t\t<div class=\"ekit-wc-product-price\">\n\t\t\t\t\t\t\t\t<p class=\"price\"><span class=\"woocommerce-Price-amount amount\"><bdi>399,00&nbsp;<span class=\"woocommerce-Price-currencySymbol\">&euro;<\/span><\/bdi><\/span><\/p>\n\t\t\t\t\t\t\t<\/div>\n\t\t\t\t\t\t\n\n\t\t\t\t\t\t\t\t\t<\/div>\n\t\t\t<\/div>\n\t\t\n\n\t\t\t\t\t\t\t<\/div>\n\n\t\t\t\t\t\t<\/li>\n\t\t\t\t\t\t\t\t\t\t\t<li class=\"ekit-wc-product product ekit-wc-product-alignment-vertical ekit-desc-horizontal-align-center ekit-desc-vertical-align-center ekit-wc-flip- ekit-wc-vertical-align-center\">\n\t\t\t\t\t\t\t<div class=\"ekit-wc-product-inner\">\n\n\t\t\t\t\t\t\t\t\t<div class=\"ekit-wc-product-image ekit-background-cover\">\n\n\t\t\t\n\t\t\t<!-- popup content -->\n\t\t\t\n\t\t\t<!-- badge content -->\n\t\t\t\n\t\t\t<!-- Thumb content -->\n\t\t\t<a class=\"ekit_woo_product_img_link\" href=\"https:\/\/my-dune.com\/fr\/boutique\/skimboard-lola\/\">\n\t\t\t\t<img decoding=\"async\" src=\"https:\/\/my-dune.com\/wp-content\/uploads\/2023\/07\/LOLA-PIMP-DECK.jpg\" alt=\"Product Thumb\">\n\t\t\t<\/a>\n\n\t\t\t<!-- Add to cart button -->\n\t\t\t\t\t<\/div>\n\t\t\t\t\t<div class=\"ekit-wc-product-desc\">\n\t\t\t\t<div class=\"ekit-wc-product-desc-inner\">\n\t\t\t\t\t<!-- categories -->\n\t\t\t\t\t\t\t\t\t\t<!-- end categories -->\n\t\t\t\t\t\t\t\t\t\t\t<a href=\"https:\/\/my-dune.com\/fr\/boutique\/skimboard-lola\/\" class=\"ekit-link-reset\">\n\t\t\t\t\t\t\t<h2 class=\"ekit-wc-product-title\">\n\t\t\t\t\t\t\t\tSkimboard LOLA\t\t\t\t\t\t\t<\/h2>\n\t\t\t\t\t\t<\/a>\n\t\t\t\t\t\n\t\t\t\t\t\n\t\t\t\t\t\t\t\t\t\t\t\t\t\t\t\t\t\t<div class=\"ekit-wc-product-price\">\n\t\t\t\t\t\t\t\t<p class=\"price\"><span class=\"woocommerce-Price-amount amount\"><bdi>439,00&nbsp;<span class=\"woocommerce-Price-currencySymbol\">&euro;<\/span><\/bdi><\/span><\/p>\n\t\t\t\t\t\t\t<\/div>\n\t\t\t\t\t\t\n\n\t\t\t\t\t\t\t\t\t<\/div>\n\t\t\t<\/div>\n\t\t\n\n\t\t\t\t\t\t\t<\/div>\n\n\t\t\t\t\t\t<\/li>\n\t\t\t\t\t\t\t\t\t\t\t<li class=\"ekit-wc-product product ekit-wc-product-alignment-vertical ekit-desc-horizontal-align-center ekit-desc-vertical-align-center ekit-wc-flip- ekit-wc-vertical-align-center\">\n\t\t\t\t\t\t\t<div class=\"ekit-wc-product-inner\">\n\n\t\t\t\t\t\t\t\t\t<div class=\"ekit-wc-product-image ekit-background-cover\">\n\n\t\t\t\n\t\t\t<!-- popup content -->\n\t\t\t\n\t\t\t<!-- badge content -->\n\t\t\t\n\t\t\t<!-- Thumb content -->\n\t\t\t<a class=\"ekit_woo_product_img_link\" href=\"https:\/\/my-dune.com\/fr\/boutique\/skimboard-dd\/\">\n\t\t\t\t<img decoding=\"async\" src=\"https:\/\/my-dune.com\/wp-content\/uploads\/2023\/07\/skimboard-dd-green-1.jpg\" alt=\"Product Thumb\">\n\t\t\t<\/a>\n\n\t\t\t<!-- Add to cart button -->\n\t\t\t\t\t<\/div>\n\t\t\t\t\t<div class=\"ekit-wc-product-desc\">\n\t\t\t\t<div class=\"ekit-wc-product-desc-inner\">\n\t\t\t\t\t<!-- categories -->\n\t\t\t\t\t\t\t\t\t\t<!-- end categories -->\n\t\t\t\t\t\t\t\t\t\t\t<a href=\"https:\/\/my-dune.com\/fr\/boutique\/skimboard-dd\/\" class=\"ekit-link-reset\">\n\t\t\t\t\t\t\t<h2 class=\"ekit-wc-product-title\">\n\t\t\t\t\t\t\t\tSkimboard DD\t\t\t\t\t\t\t<\/h2>\n\t\t\t\t\t\t<\/a>\n\t\t\t\t\t\n\t\t\t\t\t\n\t\t\t\t\t\t\t\t\t\t\t\t\t\t\t\t\t\t<div class=\"ekit-wc-product-price\">\n\t\t\t\t\t\t\t\t<p class=\"price\"><span class=\"woocommerce-Price-amount amount\"><bdi>439,00&nbsp;<span class=\"woocommerce-Price-currencySymbol\">&euro;<\/span><\/bdi><\/span><\/p>\n\t\t\t\t\t\t\t<\/div>\n\t\t\t\t\t\t\n\n\t\t\t\t\t\t\t\t\t<\/div>\n\t\t\t<\/div>\n\t\t\n\n\t\t\t\t\t\t\t<\/div>\n\n\t\t\t\t\t\t<\/li>\n\t\t\t\t\t\t\t\t\t\t\t<li class=\"ekit-wc-product product ekit-wc-product-alignment-vertical ekit-desc-horizontal-align-center ekit-desc-vertical-align-center ekit-wc-flip- ekit-wc-vertical-align-center\">\n\t\t\t\t\t\t\t<div class=\"ekit-wc-product-inner\">\n\n\t\t\t\t\t\t\t\t\t<div class=\"ekit-wc-product-image ekit-background-cover\">\n\n\t\t\t\n\t\t\t<!-- popup content -->\n\t\t\t\n\t\t\t<!-- badge content -->\n\t\t\t\n\t\t\t<!-- Thumb content -->\n\t\t\t<a class=\"ekit_woo_product_img_link\" href=\"https:\/\/my-dune.com\/fr\/boutique\/skimboard-dick\/\">\n\t\t\t\t<img decoding=\"async\" src=\"https:\/\/my-dune.com\/wp-content\/uploads\/2023\/07\/2024-DICK-PIMP-MY-DECK-BLUE.jpg\" alt=\"Product Thumb\">\n\t\t\t<\/a>\n\n\t\t\t<!-- Add to cart button -->\n\t\t\t\t\t<\/div>\n\t\t\t\t\t<div class=\"ekit-wc-product-desc\">\n\t\t\t\t<div class=\"ekit-wc-product-desc-inner\">\n\t\t\t\t\t<!-- categories -->\n\t\t\t\t\t\t\t\t\t\t<!-- end categories -->\n\t\t\t\t\t\t\t\t\t\t\t<a href=\"https:\/\/my-dune.com\/fr\/boutique\/skimboard-dick\/\" class=\"ekit-link-reset\">\n\t\t\t\t\t\t\t<h2 class=\"ekit-wc-product-title\">\n\t\t\t\t\t\t\t\tSkimboard DICK\t\t\t\t\t\t\t<\/h2>\n\t\t\t\t\t\t<\/a>\n\t\t\t\t\t\n\t\t\t\t\t\n\t\t\t\t\t\t\t\t\t\t\t\t\t\t\t\t\t\t<div class=\"ekit-wc-product-price\">\n\t\t\t\t\t\t\t\t<p class=\"price\"><span class=\"woocommerce-Price-amount amount\"><bdi>439,00&nbsp;<span class=\"woocommerce-Price-currencySymbol\">&euro;<\/span><\/bdi><\/span><\/p>\n\t\t\t\t\t\t\t<\/div>\n\t\t\t\t\t\t\n\n\t\t\t\t\t\t\t\t\t<\/div>\n\t\t\t<\/div>\n\t\t\n\n\t\t\t\t\t\t\t<\/div>\n\n\t\t\t\t\t\t<\/li>\n\t\t\t\t\t\t\t\t\t<\/ul>\n\t\t\t<\/div>\n\t\t\t\t\t<\/div>\n\t\t<\/div>\t\t\t\t<\/div>\n\t\t\t\t\t<\/div>\n\t\t<\/div>\n\t\t\t\t\t<\/div>\n\t\t<\/section>\n\t\t\t\t<\/div>\n\t\t","protected":false},"excerpt":{"rendered":"<p>Choisis ton skimboard Amuse-toi sur les vagues et apprends \u00e0 glisser avec pr\u00e9cision Chez Dune, toutes nos planches sont fabriqu\u00e9es \u00e0 la main. D\u00e9couvrez nos mod\u00e8les classiques, fabriqu\u00e9s avec les meilleurs mat\u00e9riaux et technologies. Vous pouvez aussi configurer votre planche, la personnaliser \u00e0 votre go\u00fbt, et la commander \u00e0 votre convenance. Tu as un doute [&hellip;]<\/p>\n","protected":false},"author":2,"featured_media":0,"parent":0,"menu_order":0,"comment_status":"closed","ping_status":"closed","template":"elementor_header_footer","meta":{"_seopress_robots_primary_cat":"","_seopress_titles_title":"Skimboards Premium 2024: Glisse et Style Sur-Mesure!","_seopress_titles_desc":"D\u00e9couvre les skimboards Dune faits \u00e0 la main pour un surf de pr\u00e9cision. Personnalise ta planche id\u00e9ale chez nous!","_seopress_robots_index":"","footnotes":""},"class_list":["post-4556","page","type-page","status-publish","hentry"],"_links":{"self":[{"href":"https:\/\/my-dune.com\/fr\/wp-json\/wp\/v2\/pages\/4556","targetHints":{"allow":["GET"]}}],"collection":[{"href":"https:\/\/my-dune.com\/fr\/wp-json\/wp\/v2\/pages"}],"about":[{"href":"https:\/\/my-dune.com\/fr\/wp-json\/wp\/v2\/types\/page"}],"author":[{"embeddable":true,"href":"https:\/\/my-dune.com\/fr\/wp-json\/wp\/v2\/users\/2"}],"replies":[{"embeddable":true,"href":"https:\/\/my-dune.com\/fr\/wp-json\/wp\/v2\/comments?post=4556"}],"version-history":[{"count":4,"href":"https:\/\/my-dune.com\/fr\/wp-json\/wp\/v2\/pages\/4556\/revisions"}],"predecessor-version":[{"id":7393,"href":"https:\/\/my-dune.com\/fr\/wp-json\/wp\/v2\/pages\/4556\/revisions\/7393"}],"wp:attachment":[{"href":"https:\/\/my-dune.com\/fr\/wp-json\/wp\/v2\/media?parent=4556"}],"curies":[{"name":"wp","href":"https:\/\/api.w.org\/{rel}","templated":true}]}}