{"id":4538,"date":"2024-05-05T14:51:34","date_gmt":"2024-05-05T12:51:34","guid":{"rendered":"https:\/\/dune.xanelabs.com\/comment-choisir-mon-conseil-dadministration-wakesurf\/"},"modified":"2024-07-02T19:37:38","modified_gmt":"2024-07-02T17:37:38","slug":"comment-choisir-mon-conseil-dadministration-wakesurf","status":"publish","type":"page","link":"https:\/\/my-dune.com\/fr\/comment-choisir-mon-conseil-dadministration-wakesurf\/","title":{"rendered":"Comment choisir ma planche ? Wakesurf"},"content":{"rendered":"\t\t<div data-elementor-type=\"wp-page\" data-elementor-id=\"4538\" class=\"elementor elementor-4538 elementor-2758\" data-elementor-post-type=\"page\">\n\t\t\t\t\t\t<section data-particle_enable=\"false\" data-particle-mobile-disabled=\"false\" class=\"elementor-section elementor-top-section elementor-element elementor-element-7197467b elementor-section-boxed elementor-section-height-default elementor-section-height-default\" data-id=\"7197467b\" data-element_type=\"section\" data-settings=\"{&quot;background_background&quot;:&quot;classic&quot;,&quot;jet_parallax_layout_list&quot;:[]}\">\n\t\t\t\t\t\t\t<div class=\"elementor-background-overlay\"><\/div>\n\t\t\t\t\t\t\t<div class=\"elementor-container elementor-column-gap-default\">\n\t\t\t\t\t<div class=\"elementor-column elementor-col-100 elementor-top-column elementor-element elementor-element-241a62c9\" data-id=\"241a62c9\" data-element_type=\"column\">\n\t\t\t<div class=\"elementor-widget-wrap elementor-element-populated\">\n\t\t\t\t\t\t<div class=\"elementor-element elementor-element-51e56d69 elementor-icon-list--layout-inline elementor-align-center elementor-list-item-link-full_width elementor-widget elementor-widget-icon-list\" data-id=\"51e56d69\" data-element_type=\"widget\" data-settings=\"{&quot;ekit_we_effect_on&quot;:&quot;none&quot;}\" data-widget_type=\"icon-list.default\">\n\t\t\t\t\t\t\t<ul class=\"elementor-icon-list-items elementor-inline-items\">\n\t\t\t\t\t\t\t<li class=\"elementor-icon-list-item elementor-inline-item\">\n\t\t\t\t\t\t\t\t\t\t<span class=\"elementor-icon-list-text\">Accueil<\/span>\n\t\t\t\t\t\t\t\t\t<\/li>\n\t\t\t\t\t\t\t\t<li class=\"elementor-icon-list-item elementor-inline-item\">\n\t\t\t\t\t\t\t\t\t\t\t<span class=\"elementor-icon-list-icon\">\n\t\t\t\t\t\t\t<svg aria-hidden=\"true\" class=\"e-font-icon-svg e-fas-slash\" viewBox=\"0 0 640 512\" xmlns=\"http:\/\/www.w3.org\/2000\/svg\"><path d=\"M594.53 508.63L6.18 53.9c-6.97-5.42-8.23-15.47-2.81-22.45L23.01 6.18C28.43-.8 38.49-2.06 45.47 3.37L633.82 458.1c6.97 5.42 8.23 15.47 2.81 22.45l-19.64 25.27c-5.42 6.98-15.48 8.23-22.46 2.81z\"><\/path><\/svg>\t\t\t\t\t\t<\/span>\n\t\t\t\t\t\t\t\t\t\t<span class=\"elementor-icon-list-text\">Types de planches<\/span>\n\t\t\t\t\t\t\t\t\t<\/li>\n\t\t\t\t\t\t<\/ul>\n\t\t\t\t\t\t<\/div>\n\t\t\t\t<div class=\"elementor-element elementor-element-c5f01bd elementor-widget elementor-widget-heading\" data-id=\"c5f01bd\" data-element_type=\"widget\" data-settings=\"{&quot;ekit_we_effect_on&quot;:&quot;none&quot;}\" data-widget_type=\"heading.default\">\n\t\t\t\t\t<h2 class=\"elementor-heading-title elementor-size-default\">Comment choisir ta planche ?<\/h2>\t\t\t\t<\/div>\n\t\t\t\t\t<\/div>\n\t\t<\/div>\n\t\t\t\t\t<\/div>\n\t\t<\/section>\n\t\t\t\t<section data-particle_enable=\"false\" data-particle-mobile-disabled=\"false\" class=\"elementor-section elementor-top-section elementor-element elementor-element-bfe0a61 elementor-reverse-mobile elementor-section-boxed elementor-section-height-default elementor-section-height-default\" data-id=\"bfe0a61\" data-element_type=\"section\" data-settings=\"{&quot;jet_parallax_layout_list&quot;:[]}\">\n\t\t\t\t\t\t<div class=\"elementor-container elementor-column-gap-default\">\n\t\t\t\t\t<div class=\"elementor-column elementor-col-100 elementor-top-column elementor-element elementor-element-b7ca44d\" data-id=\"b7ca44d\" data-element_type=\"column\">\n\t\t\t<div class=\"elementor-widget-wrap elementor-element-populated\">\n\t\t\t\t\t\t<div class=\"elementor-element elementor-element-8e5085a elementor-invisible elementor-widget elementor-widget-wpforms\" data-id=\"8e5085a\" data-element_type=\"widget\" data-settings=\"{&quot;_animation&quot;:&quot;fadeIn&quot;,&quot;ekit_we_effect_on&quot;:&quot;none&quot;}\" data-widget_type=\"wpforms.default\">\n\t\t\t\t<div class=\"elementor-widget-container\">\n\t\t\t\t\t<style id=\"wpforms-css-vars-root\">\n\t\t\t\t:root {\n\t\t\t\t\t--wpforms-field-border-radius: 3px;\n--wpforms-field-border-style: solid;\n--wpforms-field-border-size: 1px;\n--wpforms-field-background-color: #ffffff;\n--wpforms-field-border-color: rgba( 0, 0, 0, 0.25 );\n--wpforms-field-border-color-spare: rgba( 0, 0, 0, 0.25 );\n--wpforms-field-text-color: rgba( 0, 0, 0, 0.7 );\n--wpforms-field-menu-color: #ffffff;\n--wpforms-label-color: rgba( 0, 0, 0, 0.85 );\n--wpforms-label-sublabel-color: rgba( 0, 0, 0, 0.55 );\n--wpforms-label-error-color: #d63637;\n--wpforms-button-border-radius: 3px;\n--wpforms-button-border-style: none;\n--wpforms-button-border-size: 1px;\n--wpforms-button-background-color: #066aab;\n--wpforms-button-border-color: #066aab;\n--wpforms-button-text-color: #ffffff;\n--wpforms-page-break-color: #066aab;\n--wpforms-background-image: none;\n--wpforms-background-position: center center;\n--wpforms-background-repeat: no-repeat;\n--wpforms-background-size: cover;\n--wpforms-background-width: 100px;\n--wpforms-background-height: 100px;\n--wpforms-background-color: rgba( 0, 0, 0, 0 );\n--wpforms-background-url: none;\n--wpforms-container-padding: 0px;\n--wpforms-container-border-style: none;\n--wpforms-container-border-width: 1px;\n--wpforms-container-border-color: #000000;\n--wpforms-container-border-radius: 3px;\n--wpforms-field-size-input-height: 43px;\n--wpforms-field-size-input-spacing: 15px;\n--wpforms-field-size-font-size: 16px;\n--wpforms-field-size-line-height: 19px;\n--wpforms-field-size-padding-h: 14px;\n--wpforms-field-size-checkbox-size: 16px;\n--wpforms-field-size-sublabel-spacing: 5px;\n--wpforms-field-size-icon-size: 1;\n--wpforms-label-size-font-size: 16px;\n--wpforms-label-size-line-height: 19px;\n--wpforms-label-size-sublabel-font-size: 14px;\n--wpforms-label-size-sublabel-line-height: 17px;\n--wpforms-button-size-font-size: 17px;\n--wpforms-button-size-height: 41px;\n--wpforms-button-size-padding-h: 15px;\n--wpforms-button-size-margin-top: 10px;\n--wpforms-container-shadow-size-box-shadow: none;\n\n\t\t\t\t}\n\t\t\t<\/style><style id=\"wpforms-css-vars-elementor-widget-8e5085a\">\n\t\t\t\t.elementor-widget-wpforms.elementor-element-8e5085a {\n\t\t\t\t\t--wpforms-field-size-input-height: 43px;\n--wpforms-field-size-input-spacing: 15px;\n--wpforms-field-size-font-size: 16px;\n--wpforms-field-size-line-height: 19px;\n--wpforms-field-size-padding-h: 14px;\n--wpforms-field-size-checkbox-size: 16px;\n--wpforms-field-size-sublabel-spacing: 5px;\n--wpforms-field-size-icon-size: 1;\n--wpforms-label-size-font-size: 16px;\n--wpforms-label-size-line-height: 19px;\n--wpforms-label-size-sublabel-font-size: 14px;\n--wpforms-label-size-sublabel-line-height: 17px;\n--wpforms-button-size-font-size: 17px;\n--wpforms-button-size-height: 41px;\n--wpforms-button-size-padding-h: 15px;\n--wpforms-button-size-margin-top: 10px;\n\n\t\t\t\t}\n\t\t\t<\/style><div class=\"wpforms-container wpforms-container-full wpforms-render-modern\" id=\"wpforms-2748\"><form id=\"wpforms-form-2748\" class=\"wpforms-validate wpforms-form\" data-formid=\"2748\" method=\"post\" enctype=\"multipart\/form-data\" action=\"\/fr\/wp-json\/wp\/v2\/pages\/4538\" data-token=\"2d418a6ad6ce3e02b9404bfacebd499c\" data-token-time=\"1775872032\"><noscript class=\"wpforms-error-noscript\">Veuillez activer JavaScript dans votre navigateur pour remplir ce formulaire.<\/noscript><div class=\"wpforms-hidden\" id=\"wpforms-error-noscript\">Veuillez activer JavaScript dans votre navigateur pour remplir ce formulaire.<\/div><div class=\"wpforms-field-container\"><div id=\"wpforms-2748-field_6-container\" class=\"wpforms-field wpforms-field-radio wpforms-list-inline\" data-field-id=\"6\"><fieldset><legend class=\"wpforms-field-label\">Tu as besoin d&#039;un Wakesurf. Avant de te recommander une planche... Quel est ton niveau ?<\/legend><ul id=\"wpforms-2748-field_6\"><li class=\"choice-1 depth-1\"><input type=\"radio\" id=\"wpforms-2748-field_6_1\" name=\"wpforms[fields][6]\" value=\"Je veux commencer \u00e0 faire du wakesurf\" aria-errormessage=\"wpforms-2748-field_6_1-error\"  ><label class=\"wpforms-field-label-inline\" for=\"wpforms-2748-field_6_1\">Je veux commencer \u00e0 faire du wakesurf<\/label><\/li><li class=\"choice-2 depth-1\"><input type=\"radio\" id=\"wpforms-2748-field_6_2\" name=\"wpforms[fields][6]\" value=\"Je veux que mes amis\/famille d\u00e9couvrent le wakesurf.\" aria-errormessage=\"wpforms-2748-field_6_2-error\"  ><label class=\"wpforms-field-label-inline\" for=\"wpforms-2748-field_6_2\">Je veux que mes amis\/famille d\u00e9couvrent le wakesurf.<\/label><\/li><li class=\"choice-3 depth-1\"><input type=\"radio\" id=\"wpforms-2748-field_6_3\" name=\"wpforms[fields][6]\" value=\"Je cherche une planche de wakeskim technique\" aria-errormessage=\"wpforms-2748-field_6_3-error\"  ><label class=\"wpforms-field-label-inline\" for=\"wpforms-2748-field_6_3\">Je cherche une planche de wakeskim technique<\/label><\/li><li class=\"choice-5 depth-1\"><input type=\"radio\" id=\"wpforms-2748-field_6_5\" name=\"wpforms[fields][6]\" value=\"Je cherche un wakesurf diff\u00e9rent\" aria-errormessage=\"wpforms-2748-field_6_5-error\"  ><label class=\"wpforms-field-label-inline\" for=\"wpforms-2748-field_6_5\">Je cherche un wakesurf diff\u00e9rent<\/label><\/li><li class=\"choice-9 depth-1\"><input type=\"radio\" id=\"wpforms-2748-field_6_9\" name=\"wpforms[fields][6]\" value=\"Je cherche un wakesurf technique\" aria-errormessage=\"wpforms-2748-field_6_9-error\"  ><label class=\"wpforms-field-label-inline\" for=\"wpforms-2748-field_6_9\">Je cherche un wakesurf technique<\/label><\/li><li class=\"choice-10 depth-1\"><input type=\"radio\" id=\"wpforms-2748-field_6_10\" name=\"wpforms[fields][6]\" value=\"Je cherche une planche pour enfants, adolescents... (poids l\u00e9ger)\" aria-errormessage=\"wpforms-2748-field_6_10-error\"  ><label class=\"wpforms-field-label-inline\" for=\"wpforms-2748-field_6_10\">Je cherche une planche pour enfants, adolescents... (poids l\u00e9ger)<\/label><\/li><li class=\"choice-7 depth-1\"><input type=\"radio\" id=\"wpforms-2748-field_6_7\" name=\"wpforms[fields][6]\" value=\"Je veux un wakefoil\" aria-errormessage=\"wpforms-2748-field_6_7-error\"  ><label class=\"wpforms-field-label-inline\" for=\"wpforms-2748-field_6_7\">Je veux un wakefoil<\/label><\/li><li class=\"choice-8 depth-1\"><input type=\"radio\" id=\"wpforms-2748-field_6_8\" name=\"wpforms[fields][6]\" value=\"Je veux une planche personnalis\u00e9e\" aria-errormessage=\"wpforms-2748-field_6_8-error\"  ><label class=\"wpforms-field-label-inline\" for=\"wpforms-2748-field_6_8\">Je veux une planche personnalis\u00e9e<\/label><\/li><li class=\"choice-6 depth-1\"><input type=\"radio\" id=\"wpforms-2748-field_6_6\" name=\"wpforms[fields][6]\" value=\"Je ne sais pas quoi choisir...\" aria-errormessage=\"wpforms-2748-field_6_6-error\"  ><label class=\"wpforms-field-label-inline\" for=\"wpforms-2748-field_6_6\">Je ne sais pas quoi choisir...<\/label><\/li><\/ul><\/fieldset><\/div><\/div><!-- .wpforms-field-container --><div class=\"wpforms-submit-container\" ><input type=\"hidden\" name=\"wpforms[id]\" value=\"2748\"><input type=\"hidden\" name=\"page_title\" value=\"\"><input type=\"hidden\" name=\"page_url\" value=\"https:\/\/my-dune.com\/fr\/wp-json\/wp\/v2\/pages\/4538\"><button type=\"submit\" name=\"wpforms[submit]\" id=\"wpforms-submit-2748\" class=\"wpforms-submit boton\" data-alt-text=\"Analyse... \" data-submit-text=\"Recommande-moi une planche !\" aria-live=\"assertive\" value=\"wpforms-submit\">Recommande-moi une planche !<\/button><\/div><\/form><\/div>  <!-- .wpforms-container -->\t\t\t\t<\/div>\n\t\t\t\t<\/div>\n\t\t\t\t\t<\/div>\n\t\t<\/div>\n\t\t\t\t\t<\/div>\n\t\t<\/section>\n\t\t\t\t<\/div>\n\t\t","protected":false},"excerpt":{"rendered":"<p>Accueil Types de planches Comment choisir ta planche ?<\/p>\n","protected":false},"author":2,"featured_media":0,"parent":0,"menu_order":0,"comment_status":"closed","ping_status":"closed","template":"elementor_header_footer","meta":{"_seopress_robots_primary_cat":"","_seopress_titles_title":"Choisir la Planche Id\u00e9ale - Conseils et Types","_seopress_titles_desc":"D\u00e9couvre comment choisir la planche id\u00e9ale pour toi ! Conseils sur types et caract\u00e9ristiques des planches de surf.","_seopress_robots_index":"","footnotes":""},"class_list":["post-4538","page","type-page","status-publish","hentry"],"_links":{"self":[{"href":"https:\/\/my-dune.com\/fr\/wp-json\/wp\/v2\/pages\/4538","targetHints":{"allow":["GET"]}}],"collection":[{"href":"https:\/\/my-dune.com\/fr\/wp-json\/wp\/v2\/pages"}],"about":[{"href":"https:\/\/my-dune.com\/fr\/wp-json\/wp\/v2\/types\/page"}],"author":[{"embeddable":true,"href":"https:\/\/my-dune.com\/fr\/wp-json\/wp\/v2\/users\/2"}],"replies":[{"embeddable":true,"href":"https:\/\/my-dune.com\/fr\/wp-json\/wp\/v2\/comments?post=4538"}],"version-history":[{"count":5,"href":"https:\/\/my-dune.com\/fr\/wp-json\/wp\/v2\/pages\/4538\/revisions"}],"predecessor-version":[{"id":5221,"href":"https:\/\/my-dune.com\/fr\/wp-json\/wp\/v2\/pages\/4538\/revisions\/5221"}],"wp:attachment":[{"href":"https:\/\/my-dune.com\/fr\/wp-json\/wp\/v2\/media?parent=4538"}],"curies":[{"name":"wp","href":"https:\/\/api.w.org\/{rel}","templated":true}]}}