{"id":4525,"date":"2024-06-26T16:34:25","date_gmt":"2024-06-26T14:34:25","guid":{"rendered":"https:\/\/dune.xanelabs.com\/conditions-generales-dutilisation\/"},"modified":"2024-09-04T15:42:47","modified_gmt":"2024-09-04T13:42:47","slug":"conditions-generales-dutilisation","status":"publish","type":"page","link":"https:\/\/my-dune.com\/fr\/conditions-generales-dutilisation\/","title":{"rendered":"Avis juridique"},"content":{"rendered":"\t\t<div data-elementor-type=\"wp-page\" data-elementor-id=\"4525\" class=\"elementor elementor-4525 elementor-3526\" data-elementor-post-type=\"page\">\n\t\t\t\t<div data-particle_enable=\"false\" data-particle-mobile-disabled=\"false\" class=\"elementor-element elementor-element-3cfe1ac7 e-flex e-con-boxed e-con e-parent\" data-id=\"3cfe1ac7\" data-element_type=\"container\" data-settings=\"{&quot;jet_parallax_layout_list&quot;:[]}\">\n\t\t\t\t\t<div class=\"e-con-inner\">\n\t\t\t\t<div class=\"elementor-element elementor-element-da660a0 elementor-widget elementor-widget-heading\" data-id=\"da660a0\" data-element_type=\"widget\" data-settings=\"{&quot;ekit_we_effect_on&quot;:&quot;none&quot;}\" data-widget_type=\"heading.default\">\n\t\t\t\t\t<h2 class=\"elementor-heading-title elementor-size-default\">Avis juridique<\/h2>\t\t\t\t<\/div>\n\t\t\t\t<div class=\"elementor-element elementor-element-2d840fd elementor-widget elementor-widget-text-editor\" data-id=\"2d840fd\" data-element_type=\"widget\" data-settings=\"{&quot;ekit_we_effect_on&quot;:&quot;none&quot;}\" data-widget_type=\"text-editor.default\">\n\t\t\t\t\t\t\t\t\t<p><strong>OBJET<\/strong><\/p>\n<p>Le pr\u00e9sent avis juridique r\u00e9git l&rsquo;utilisation du site web &#8211; <a href=\"https:\/\/my-dune.com\">https:\/\/my-dune.com,<\/a> propri\u00e9t\u00e9 de CRYS COMPOSITES, S.L.U. (ci-apr\u00e8s, My-dune).<\/p>\n<p>La navigation sur le site web My-dune vous conf\u00e8re le statut d&rsquo;UTILISATEUR de celui-ci et implique l&rsquo;acceptation totale et sans r\u00e9serve de toutes et chacune des conditions publi\u00e9es dans le pr\u00e9sent avis l\u00e9gal, en vous avertissant que ces conditions peuvent \u00eatre modifi\u00e9es sans pr\u00e9avis par My-dune, auquel cas elle proc\u00e9dera \u00e0 la publication et \u00e0 la notification le plus longtemps possible \u00e0 l&rsquo;avance.<\/p>\n<p>Il est donc conseill\u00e9 de lire attentivement son contenu si vous souhaitez acc\u00e9der et utiliser les informations et les services offerts sur ce site.<\/p>\n<p>L&rsquo;utilisateur s&rsquo;engage \u00e9galement \u00e0 faire un usage correct du site web conform\u00e9ment \u00e0 la loi, \u00e0 la bonne foi, \u00e0 l&rsquo;ordre public, aux usages de la circulation et au pr\u00e9sent avis juridique, et sera responsable vis-\u00e0-vis de My-dune ou de tiers de tout dommage pouvant r\u00e9sulter d&rsquo;un manquement \u00e0 cette obligation.<\/p>\n<p>Toute utilisation autre que celle autoris\u00e9e est express\u00e9ment interdite, et My-dune peut refuser ou retirer l&rsquo;acc\u00e8s et l&rsquo;utilisation \u00e0 tout moment.<\/p>\n<p><strong>IDENTIFICATION<\/strong><\/p>\n<p>My-dune, conform\u00e9ment \u00e0 la loi 34\/2002, du 11 juillet, sur les services de la soci\u00e9t\u00e9 de l&rsquo;information et le commerce \u00e9lectronique, vous informe :<\/p>\n<ul>\n<li>Nom de l&rsquo;entreprise : CRYS COMPOSITES, S.L.U.<\/li>\n<li>NUM\u00c9RO DE TVA : B01591379<\/li>\n<li>Si\u00e8ge social : C\/ Ripoll\u00e8s, 24, 17486 &#8211; Castell\u00f3 d&rsquo;Emp\u00faries (GIRONA) &#8211; ESPAGNE<\/li>\n<li>Registre du commerce de G\u00e9rone : volume 3289, folio 112, page GI-67573<\/li>\n<\/ul>\n<p><strong>COMMUNICATIONS<\/strong><\/p>\n<p>Pour nous contacter, nous mettons \u00e0 votre disposition diff\u00e9rents moyens de contact qui sont d\u00e9taill\u00e9s ci-dessous :<\/p>\n<ul>\n<li>T\u00e9l\u00e9phone : +34 686 696 918<\/li>\n<li>Courriel : duneskimboards@gmail.com<\/li>\n<\/ul>\n<p>Toutes les notifications et communications entre les utilisateurs et My-dune seront consid\u00e9r\u00e9es comme effectives, \u00e0 toutes fins utiles, lorsqu&rsquo;elles sont effectu\u00e9es par l&rsquo;un des moyens \u00e9num\u00e9r\u00e9s ci-dessus.<\/p>\n<p><strong>CONDITIONS D&rsquo;ACC\u00c8S ET D&rsquo;UTILISATION<\/strong><\/p>\n<p>Le site et ses services sont librement accessibles et gratuits.<br \/>\nToutefois, My-dune peut conditionner l&rsquo;utilisation de certains des services propos\u00e9s sur son site \u00e0 la r\u00e9alisation pr\u00e9alable du formulaire correspondant. <\/p>\n<p>L&rsquo;utilisateur garantit l&rsquo;authenticit\u00e9 et l&rsquo;actualit\u00e9 de toutes les donn\u00e9es communiqu\u00e9es \u00e0 My-dune et est seul responsable des d\u00e9clarations fausses ou inexactes qu&rsquo;il fait.<\/p>\n<p>L&rsquo;utilisateur s&rsquo;engage express\u00e9ment \u00e0 faire un usage appropri\u00e9 des contenus et services du site web et \u00e0 ne pas les utiliser, entre autres, pour :<\/p>\n<ol>\n<li>a) Diffuser des contenus criminels, violents, pornographiques, racistes, x\u00e9nophobes, offensants ou terroristes et, en g\u00e9n\u00e9ral, des contenus contraires \u00e0 la loi ou \u00e0 l&rsquo;ordre public.<\/li>\n<li>b) Introduire dans le r\u00e9seau des virus informatiques ou r\u00e9aliser des actions susceptibles d&rsquo;alt\u00e9rer, d&rsquo;endommager, d&rsquo;interrompre ou de g\u00e9n\u00e9rer des erreurs ou des dommages aux documents \u00e9lectroniques, aux donn\u00e9es ou aux syst\u00e8mes physiques et logiques du site web ou de tiers ; ainsi qu&rsquo;entraver l&rsquo;acc\u00e8s des autres utilisateurs au site web et \u00e0 ses services par la consommation massive des ressources informatiques \u00e0 travers lesquelles My-dune fournit ses services.<\/li>\n<li>c) Tenter d&rsquo;acc\u00e9der aux comptes de courrier \u00e9lectronique d&rsquo;autres utilisateurs ou \u00e0 des zones restreintes des syst\u00e8mes informatiques du site web ou de tiers et, le cas \u00e9ch\u00e9ant, d&rsquo;en extraire des informations.<\/li>\n<li>d) porter atteinte aux droits de propri\u00e9t\u00e9 intellectuelle ou industrielle, ainsi que violer la confidentialit\u00e9 des informations sur le site web ou des tiers.<\/li>\n<li>e) usurper l&rsquo;identit\u00e9 d&rsquo;un autre utilisateur.<\/li>\n<li>f) Reproduire, copier, distribuer, mettre \u00e0 disposition ou toute autre forme de communication publique, transformer ou modifier les contenus, sauf autorisation du titulaire des droits correspondants ou autorisation l\u00e9gale.<\/li>\n<li>g) collecter des donn\u00e9es \u00e0 des fins publicitaires et envoyer de la publicit\u00e9 de toute nature et des communications \u00e0 des fins de vente ou \u00e0 d&rsquo;autres fins commerciales sans demande ou consentement pr\u00e9alable.<\/li>\n<\/ol>\n<p>Tous les contenus du site web, tels que les textes, les photographies, les graphiques, les images, les ic\u00f4nes, la technologie, le logiciel, ainsi que sa conception graphique et ses codes sources, constituent une \u0153uvre dont la propri\u00e9t\u00e9 appartient \u00e0 My-dune, et aucun des droits d&rsquo;exploitation de celle-ci ne peut \u00eatre consid\u00e9r\u00e9 comme transf\u00e9r\u00e9 \u00e0 l&rsquo;utilisateur au-del\u00e0 de ce qui est strictement n\u00e9cessaire \u00e0 l&rsquo;utilisation correcte du site web.<\/p>\n<p>En r\u00e9sum\u00e9, les utilisateurs qui acc\u00e8dent \u00e0 ce site web peuvent visualiser les contenus et r\u00e9aliser, le cas \u00e9ch\u00e9ant, des copies priv\u00e9es autoris\u00e9es, \u00e0 condition que les \u00e9l\u00e9ments reproduits ne soient pas c\u00e9d\u00e9s ult\u00e9rieurement \u00e0 des tiers, ni install\u00e9s sur des serveurs connect\u00e9s \u00e0 des r\u00e9seaux, ni soumis \u00e0 un quelconque type d&rsquo;exploitation.<\/p>\n<p>De m\u00eame, toutes les marques, noms commerciaux ou logos de toute nature qui apparaissent sur le site web sont la propri\u00e9t\u00e9 de My-dune, sans qu&rsquo;il soit entendu que l&rsquo;utilisation ou l&rsquo;acc\u00e8s \u00e0 ces derniers attribue \u00e0 l&rsquo;utilisateur un quelconque droit sur ceux-ci.<\/p>\n<p>La distribution, la modification, le transfert ou la communication publique des contenus et tout autre acte qui n&rsquo;a pas \u00e9t\u00e9 express\u00e9ment autoris\u00e9 par le titulaire des droits d&rsquo;exploitation sont interdits.<\/p>\n<p>L&rsquo;\u00e9tablissement d&rsquo;un lien hypertexte n&rsquo;implique en aucun cas l&rsquo;existence d&rsquo;une relation entre My-dune et le propri\u00e9taire du site web sur lequel il est \u00e9tabli, ni l&rsquo;acceptation et l&rsquo;approbation par My-dune de son contenu ou de ses services.<\/p>\n<p>My-dune n&rsquo;est pas responsable de l&rsquo;utilisation que chaque utilisateur fait du mat\u00e9riel mis \u00e0 disposition sur ce site ni des actions r\u00e9alis\u00e9es sur la base de celui-ci.<\/p>\n<p><strong>EXCLUSION DES GARANTIES ET DE LA RESPONSABILIT\u00c9 POUR L&rsquo;ACC\u00c8S ET L&rsquo;UTILISATION<\/strong><\/p>\n<p>L&rsquo;acc\u00e8s \u00e0 l&rsquo;ensemble du contenu n&rsquo;est pas enti\u00e8rement garanti, pas plus que son exhaustivit\u00e9, son exactitude, sa validit\u00e9 ou son actualit\u00e9, ou encore son ad\u00e9quation ou son utilit\u00e9 dans un but sp\u00e9cifique.<\/p>\n<p>My-dune exclut, dans la mesure permise par la loi, toute responsabilit\u00e9 pour des dommages de quelque nature que ce soit d\u00e9coulant de :<\/p>\n<ol>\n<li>a) l&rsquo;impossibilit\u00e9 d&rsquo;acc\u00e9der au site web ou le manque de v\u00e9racit\u00e9, d&rsquo;exactitude, d&rsquo;exhaustivit\u00e9 et\/ou d&rsquo;actualit\u00e9 du contenu, ainsi que l&rsquo;existence de vices et de d\u00e9fauts de toute nature dans le contenu transmis, diffus\u00e9, stock\u00e9, mis \u00e0 disposition, accessible par le biais du site web ou des services offerts.<\/li>\n<li>b) la pr\u00e9sence de virus ou d&rsquo;autres \u00e9l\u00e9ments dans les contenus qui peuvent provoquer des alt\u00e9rations dans les syst\u00e8mes informatiques, les documents \u00e9lectroniques ou les donn\u00e9es des utilisateurs.<\/li>\n<li>c) Le non-respect de la loi, de la bonne foi, de l&rsquo;ordre public, des usages de la circulation et du pr\u00e9sent avis juridique en raison d&rsquo;une utilisation inappropri\u00e9e du site Web.<br \/>\nEn particulier, et \u00e0 titre d&rsquo;exemple, My-dune n&rsquo;est pas responsable des actions de tiers qui violent les droits de propri\u00e9t\u00e9 intellectuelle et industrielle, les secrets d&rsquo;affaires, les droits \u00e0 l&rsquo;honneur, \u00e0 l&rsquo;intimit\u00e9 personnelle et familiale et \u00e0 l&rsquo;image de soi, ainsi que les r\u00e8gles relatives \u00e0 la concurrence d\u00e9loyale et \u00e0 la publicit\u00e9 ill\u00e9gale. <\/li>\n<\/ol>\n<p>De m\u00eame, My-dune d\u00e9cline toute responsabilit\u00e9 pour les informations qui se trouvent en dehors de ce site et qui ne sont pas g\u00e9r\u00e9es directement par notre webmaster.<br \/>\nLa fonction des liens qui apparaissent sur ce site est exclusivement d&rsquo;informer l&rsquo;utilisateur de l&rsquo;existence d&rsquo;autres sources susceptibles d&rsquo;\u00e9largir le contenu offert sur ce site. <\/p>\n<p>My-dune ne garantit pas et n&rsquo;est pas responsable du fonctionnement ou de l&rsquo;accessibilit\u00e9 des sites li\u00e9s ; elle ne sugg\u00e8re pas, n&rsquo;invite pas ou ne recommande pas de les visiter et n&rsquo;est pas responsable des r\u00e9sultats obtenus.<br \/>\nMy-dune n&rsquo;est pas responsable de l&rsquo;\u00e9tablissement d&rsquo;hyperliens par des tiers. <\/p>\n<p><strong>PROC\u00c9DURE EN CAS D&rsquo;ACTIVIT\u00c9S ILL\u00c9GALES<\/strong><\/p>\n<p>Si un utilisateur ou un tiers consid\u00e8re qu&rsquo;il existe des faits ou des circonstances qui r\u00e9v\u00e8lent le caract\u00e8re illicite de l&rsquo;utilisation de tout contenu et\/ou de la r\u00e9alisation de toute activit\u00e9 sur les pages web incluses ou accessibles par le site web, il doit envoyer une notification \u00e0 My-dune en s&rsquo;identifiant d\u00fbment et en sp\u00e9cifiant les infractions all\u00e9gu\u00e9es.<\/p>\n<p><strong>PUBLICATIONS<\/strong><\/p>\n<p>Les informations administratives fournies par le biais du site web ne remplacent pas la publication l\u00e9gale des lois, r\u00e8glements, plans, dispositions g\u00e9n\u00e9rales et actes qui doivent \u00eatre formellement publi\u00e9s dans les journaux officiels des administrations publiques, qui sont le seul instrument attestant de leur authenticit\u00e9 et de leur contenu.<br \/>\nLes informations disponibles sur ce site doivent \u00eatre consid\u00e9r\u00e9es comme un guide sans aucune valeur juridique. <\/p>\n<p><strong>DROIT APPLICABLE<\/strong><\/p>\n<p>Les pr\u00e9sentes conditions sont r\u00e9gies par la l\u00e9gislation espagnole en vigueur.<br \/>\nLa langue utilis\u00e9e est l&rsquo;espagnol. <\/p>\n\t\t\t\t\t\t\t\t<\/div>\n\t\t\t\t\t<\/div>\n\t\t\t\t<\/div>\n\t\t\t\t<\/div>\n\t\t","protected":false},"excerpt":{"rendered":"<p>OBJET Le pr\u00e9sent avis juridique r\u00e9git l&rsquo;utilisation du site web &#8211; https:\/\/my-dune.com, propri\u00e9t\u00e9 de CRYS COMPOSITES, S.L.U. (ci-apr\u00e8s, My-dune). La navigation sur le site web My-dune vous conf\u00e8re le statut d&rsquo;UTILISATEUR de celui-ci et implique l&rsquo;acceptation totale et sans r\u00e9serve de toutes et chacune des conditions publi\u00e9es dans le pr\u00e9sent avis l\u00e9gal, en vous avertissant [&hellip;]<\/p>\n","protected":false},"author":2,"featured_media":0,"parent":0,"menu_order":0,"comment_status":"closed","ping_status":"closed","template":"","meta":{"_seopress_robots_primary_cat":"","_seopress_titles_title":"","_seopress_titles_desc":"D\u00e9couvrez les conditions d&#039;utilisation de My-dune, l&#039;engagement envers la l\u00e9galit\u00e9 et la s\u00e9curit\u00e9 en ligne. Naviguez en toute confiance.","_seopress_robots_index":"oui","footnotes":""},"class_list":["post-4525","page","type-page","status-publish","hentry"],"_links":{"self":[{"href":"https:\/\/my-dune.com\/fr\/wp-json\/wp\/v2\/pages\/4525","targetHints":{"allow":["GET"]}}],"collection":[{"href":"https:\/\/my-dune.com\/fr\/wp-json\/wp\/v2\/pages"}],"about":[{"href":"https:\/\/my-dune.com\/fr\/wp-json\/wp\/v2\/types\/page"}],"author":[{"embeddable":true,"href":"https:\/\/my-dune.com\/fr\/wp-json\/wp\/v2\/users\/2"}],"replies":[{"embeddable":true,"href":"https:\/\/my-dune.com\/fr\/wp-json\/wp\/v2\/comments?post=4525"}],"version-history":[{"count":5,"href":"https:\/\/my-dune.com\/fr\/wp-json\/wp\/v2\/pages\/4525\/revisions"}],"predecessor-version":[{"id":5877,"href":"https:\/\/my-dune.com\/fr\/wp-json\/wp\/v2\/pages\/4525\/revisions\/5877"}],"wp:attachment":[{"href":"https:\/\/my-dune.com\/fr\/wp-json\/wp\/v2\/media?parent=4525"}],"curies":[{"name":"wp","href":"https:\/\/api.w.org\/{rel}","templated":true}]}}