{"id":4520,"date":"2024-06-26T18:29:01","date_gmt":"2024-06-26T16:29:01","guid":{"rendered":"https:\/\/dune.xanelabs.com\/politique-de-confidentialite\/"},"modified":"2024-09-03T15:21:56","modified_gmt":"2024-09-03T13:21:56","slug":"politique-de-confidentialite","status":"publish","type":"page","link":"https:\/\/my-dune.com\/fr\/politique-de-confidentialite\/","title":{"rendered":"Politique de confidentialit\u00e9"},"content":{"rendered":"\t\t<div data-elementor-type=\"wp-page\" data-elementor-id=\"4520\" class=\"elementor elementor-4520 elementor-3541\" data-elementor-post-type=\"page\">\n\t\t\t\t<div data-particle_enable=\"false\" data-particle-mobile-disabled=\"false\" class=\"elementor-element elementor-element-3df39035 e-flex e-con-boxed e-con e-parent\" data-id=\"3df39035\" data-element_type=\"container\" data-settings=\"{&quot;jet_parallax_layout_list&quot;:[]}\">\n\t\t\t\t\t<div class=\"e-con-inner\">\n\t\t\t\t<div class=\"elementor-element elementor-element-4bc82dc elementor-widget elementor-widget-heading\" data-id=\"4bc82dc\" data-element_type=\"widget\" data-settings=\"{&quot;ekit_we_effect_on&quot;:&quot;none&quot;}\" data-widget_type=\"heading.default\">\n\t\t\t\t\t<h2 class=\"elementor-heading-title elementor-size-default\">Politique de confidentialit\u00e9<\/h2>\t\t\t\t<\/div>\n\t\t\t\t<div class=\"elementor-element elementor-element-77a5bac elementor-widget elementor-widget-text-editor\" data-id=\"77a5bac\" data-element_type=\"widget\" data-settings=\"{&quot;ekit_we_effect_on&quot;:&quot;none&quot;}\" data-widget_type=\"text-editor.default\">\n\t\t\t\t\t\t\t\t\t<p>Nous nous effor\u00e7ons d&rsquo;\u00eatre aussi transparents que possible avec nos utilisateurs et nos clients en ce qui concerne les donn\u00e9es personnelles que nous recueillons. Votre vie priv\u00e9e est importante pour nous.<\/p>\n<p>En lisant cette politique de confidentialit\u00e9, l&rsquo;utilisateur est inform\u00e9 de la mani\u00e8re dont CRYS COMPOSITES collecte, traite et prot\u00e8ge les donn\u00e9es personnelles qui lui sont fournies par le biais du site web &#8211; <a href=\"https:\/\/my-dune.com\">https:\/\/my-dune.com<\/a> (ci-apr\u00e8s, le site web) et toute autre donn\u00e9e qui pourrait \u00eatre fournie \u00e0 l&rsquo;avenir \u00e0 CRYS COMPOSITES par d&rsquo;autres moyens.<\/p>\n<p>L&rsquo;utilisateur doit lire attentivement la pr\u00e9sente politique de confidentialit\u00e9, qui a \u00e9t\u00e9 r\u00e9dig\u00e9e de mani\u00e8re claire et simple, afin de faciliter sa compr\u00e9hension, et d\u00e9terminer librement et volontairement s&rsquo;il souhaite fournir ses donn\u00e9es personnelles \u00e0 CRYS COMPOSITES.<\/p>\n<p>En remplissant n&rsquo;importe quel formulaire sur le site web de l&rsquo;entreprise et en cliquant sur la case \u00ab\u00a0J&rsquo;ai lu la politique de confidentialit\u00e9\u00a0\u00bb ou similaire, l&rsquo;utilisateur d\u00e9clare express\u00e9ment avoir lu cette politique de confidentialit\u00e9, qui indique les traitements de donn\u00e9es effectu\u00e9s et les finalit\u00e9s, entre autres informations, respectant ainsi le devoir d&rsquo;information impos\u00e9 par la r\u00e9glementation en mati\u00e8re de protection des donn\u00e9es.<\/p>\n<p>Dans les cas o\u00f9 le consentement est demand\u00e9 sur le site web de l&rsquo;entreprise pour une finalit\u00e9 sp\u00e9cifique, en cliquant sur la case \u00ab\u00a0J&rsquo;accepte\u00a0\u00bb ou une<em>case<\/em> similaire ou en cochant la<em>case<\/em>, l&rsquo;utilisateur donne son consentement explicite et sans \u00e9quivoque au traitement des donn\u00e9es en question.<\/p>\n<p><strong>Qui est responsable du traitement de vos donn\u00e9es ?<\/strong><\/p>\n<ul>\n<li>Identit\u00e9 : CRYS COMPOSITES, S.L.U &#8211; NIF : B01591379<\/li>\n<li>Adresse : C\/ Ripoll\u00e8s, 24, 17486-Castell\u00f3 d&rsquo;Emp\u00faries (GIRONA)<\/li>\n<li>T\u00e9l\u00e9phone : +34 686 696 918<\/li>\n<li>Courriel : <a href=\"mailto:duneskimboards@gmail.com\">duneskimboards@gmail.com<\/a><\/li>\n<\/ul>\n<p> <\/p>\n<h4><u>&#8211; Traitement des donn\u00e9es collect\u00e9es via le SITE WEB<\/u><\/h4>\n<p><strong>\u00c0 quelles fins traitons-nous vos donn\u00e9es personnelles ?<\/strong><\/p>\n<p>Chez CRYS COMPOSITES, nous traitons les informations fournies par les parties int\u00e9ress\u00e9es afin de traiter votre demande et, le cas \u00e9ch\u00e9ant, de vous envoyer des informations sur nos produits ou services, ainsi que nos bulletins d&rsquo;information.<\/p>\n<p>Aucune d\u00e9cision automatis\u00e9e ne sera prise sur la base des donn\u00e9es fournies.<\/p>\n<p><strong>Combien de temps conserverons-nous vos donn\u00e9es ?<\/strong><\/p>\n<p>Les donn\u00e9es sont conserv\u00e9es aussi longtemps que la personne concern\u00e9e ne demande pas leur suppression ou pendant la dur\u00e9e de la relation commerciale, en respectant toujours les d\u00e9lais de prescription des responsabilit\u00e9s.<\/p>\n<p><strong>Quelle est la l\u00e9gitimit\u00e9 du traitement de vos donn\u00e9es ?<\/strong><\/p>\n<p>Consentement de l&rsquo;int\u00e9ress\u00e9 (en cochant la <em>case)<\/em>: pour traiter votre demande et, le cas \u00e9ch\u00e9ant, pour vous envoyer des communications commerciales, ainsi que nos bulletins d&rsquo;information.<\/p>\n<p><strong>\u00c0 quels destinataires vos donn\u00e9es seront-elles communiqu\u00e9es ?<\/strong><\/p>\n<p>Aucune donn\u00e9e ne sera transmise \u00e0 des tiers, sauf en cas d&rsquo;obligation l\u00e9gale.<\/p>\n<p><strong>Transferts de donn\u00e9es vers des pays tiers ?<\/strong><\/p>\n<p>Il n&rsquo;est pas pr\u00e9vu de transf\u00e9rer des donn\u00e9es \u00e0 des pays tiers.<\/p>\n<p><strong>Comment avons-nous obtenu vos donn\u00e9es ?<\/strong><\/p>\n<p>Les donn\u00e9es personnelles trait\u00e9es par CRYS COMPOSITES proviennent de la personne concern\u00e9e.<\/p>\n<p> <\/p>\n<h4><u>&#8211; Traitement des donn\u00e9es des clients<\/u><\/h4>\n<p><strong>\u00c0 quelles fins traitons-nous vos donn\u00e9es personnelles ?<\/strong><\/p>\n<p>CRYS COMPOSITES traite les informations fournies par les int\u00e9ress\u00e9s dans le but principal de fournir les services demand\u00e9s, ainsi que pour la gestion administrative, comptable et fiscale d\u00e9riv\u00e9e de ces services ou de la vente de produits, et, le cas \u00e9ch\u00e9ant, pour envoyer des communications commerciales sur nos produits et services.<\/p>\n<p>Aucune d\u00e9cision automatis\u00e9e ne sera prise sur la base des donn\u00e9es fournies.<\/p>\n<p><strong>Combien de temps conserverons-nous vos donn\u00e9es ?<\/strong><\/p>\n<p>Les donn\u00e9es sont conserv\u00e9es aussi longtemps que la personne concern\u00e9e ne demande pas leur suppression et, si n\u00e9cessaire, pendant les ann\u00e9es requises pour respecter les obligations l\u00e9gales.<\/p>\n<p><strong>Quelle est la l\u00e9gitimit\u00e9 du traitement de vos donn\u00e9es ?<\/strong><\/p>\n<ul>\n<li>Ex\u00e9cution d&rsquo;un contrat : fourniture des services demand\u00e9s<\/li>\n<li>Obligation l\u00e9gale : assurer la gestion administrative, comptable et fiscale des services demand\u00e9s.<\/li>\n<li>Int\u00e9r\u00eat l\u00e9gitime du responsable du traitement des donn\u00e9es : envoyer des communications commerciales sur nos produits et services.<\/li>\n<\/ul>\n<p><strong>\u00c0 quels destinataires vos donn\u00e9es seront-elles communiqu\u00e9es ?<\/strong><\/p>\n<p>Les donn\u00e9es seront communiqu\u00e9es aux destinataires suivants :<\/p>\n<ul>\n<li>l&rsquo;agence fiscale, afin de se conformer aux obligations l\u00e9gales. (Obligation l\u00e9gale).<\/li>\n<li>Les institutions financi\u00e8res, aux fins de l&rsquo;\u00e9mission des re\u00e7us correspondants, le cas \u00e9ch\u00e9ant. (Exigence contractuelle)<\/li>\n<\/ul>\n<p><strong>Transferts de donn\u00e9es vers des pays tiers<\/strong><\/p>\n<p>Il n&rsquo;est pas pr\u00e9vu de transf\u00e9rer des donn\u00e9es \u00e0 des pays tiers.<\/p>\n<p><strong>Comment avons-nous obtenu vos donn\u00e9es ?<\/strong><\/p>\n<p>Les donn\u00e9es personnelles trait\u00e9es par CRYS COMPOSITES proviennent de la personne concern\u00e9e ou de son repr\u00e9sentant l\u00e9gal.<\/p>\n<p>Les cat\u00e9gories de donn\u00e9es trait\u00e9es sont les suivantes :<\/p>\n<ul>\n<li>Donn\u00e9es d&rsquo;identification<\/li>\n<li>Adresses postale et \u00e9lectronique<\/li>\n<li>Informations commerciales<\/li>\n<li>Informations bancaires, le cas \u00e9ch\u00e9ant<\/li>\n<\/ul>\n<p> <\/p>\n<h4><strong><u>&#8211; Traitement de l&rsquo;utilisation de l&rsquo;image<\/u><\/strong><\/h4>\n<p><strong>\u00c0 quelles fins traitons-nous vos donn\u00e9es personnelles ?<\/strong><\/p>\n<p>Chez CRYS COMPOSITES, nous traitons les donn\u00e9es obtenues (image et, le cas \u00e9ch\u00e9ant, voix) afin de publier ces images sur des sites web ou des r\u00e9seaux sociaux, ainsi que dans d&rsquo;autres m\u00e9dias, tels que des magazines, des publications, etc., afin de r\u00e9aliser de la publicit\u00e9 ou de la diffusion de nos activit\u00e9s.<\/p>\n<p>Aucune d\u00e9cision automatis\u00e9e ne sera prise sur la base des donn\u00e9es fournies.<\/p>\n<p><strong>Combien de temps conserverons-nous vos donn\u00e9es ?<\/strong><\/p>\n<p>Les donn\u00e9es seront conserv\u00e9es \u00e0 partir du moment o\u00f9 l&rsquo;utilisateur donne son consentement jusqu&rsquo;\u00e0 ce qu&rsquo;il le retire.<\/p>\n<p><strong>Quelle est la l\u00e9gitimit\u00e9 du traitement de vos donn\u00e9es ?<\/strong><\/p>\n<p>Consentement explicite de la personne concern\u00e9e : utilisation de photographies et, le cas \u00e9ch\u00e9ant, de vid\u00e9os o\u00f9 l&rsquo;image des personnes concern\u00e9es appara\u00eet.<\/p>\n<p>Nous vous informons \u00e9galement qu&rsquo;en donnant votre accord, les images pourront \u00eatre publi\u00e9es sur le site web de l&rsquo;entreprise, les r\u00e9seaux sociaux et tout autre support que l&rsquo;entreprise jugera appropri\u00e9 pour faire conna\u00eetre ses activit\u00e9s, ses \u00e9v\u00e9nements et ses services.<\/p>\n<p><strong>\u00c0 quels destinataires vos donn\u00e9es seront-elles communiqu\u00e9es ?<\/strong><\/p>\n<p>Ils seront publi\u00e9s sur le site web de l&rsquo;entreprise et\/ou sur les r\u00e9seaux sociaux ou dans d&rsquo;autres m\u00e9dias.<\/p>\n<p><strong>Transferts de donn\u00e9es vers des pays tiers ?<\/strong><\/p>\n<p>L&rsquo;utilisation d&rsquo;images sur les r\u00e9seaux sociaux peut entra\u00eener des transferts internationaux de<\/p>\n<p>donn\u00e9es.<\/p>\n<p> <\/p>\n<h4><strong><u>&#8211; Traitement des donn\u00e9es pour la publicit\u00e9<\/u><\/strong><\/h4>\n<p><strong>\u00c0 quelles fins traitons-nous vos donn\u00e9es personnelles ?<\/strong><\/p>\n<p>Chez CRYS COMPOSITES, nous traitons les informations fournies par les personnes int\u00e9ress\u00e9es afin de g\u00e9rer l&rsquo;envoi de communications commerciales sur nos produits et\/ou services par des moyens \u00e9lectroniques (e-mail, WhatsApp, SMS&#8230;).<\/p>\n<p>Aucune d\u00e9cision automatis\u00e9e ne sera prise sur la base des donn\u00e9es fournies.<\/p>\n<p><strong>Combien de temps conserverons-nous vos donn\u00e9es ?<\/strong><\/p>\n<p>Les donn\u00e9es seront conserv\u00e9es \u00e0 partir du moment o\u00f9 l&rsquo;utilisateur donne son consentement jusqu&rsquo;\u00e0 ce qu&rsquo;il le retire.<\/p>\n<p><strong>Quelle est la l\u00e9gitimit\u00e9 du traitement de vos donn\u00e9es ?<\/strong><\/p>\n<p>Consentement de l&rsquo;int\u00e9ress\u00e9 (en signant le document d&rsquo;obtention du consentement, en <em>cochant la<\/em> <em>case<\/em> ou par tout autre moyen valable d&rsquo;obtention du consentement) : Pour l&rsquo;envoi de communications commerciales.<\/p>\n<p><strong>\u00c0 quels destinataires vos donn\u00e9es seront-elles communiqu\u00e9es ?<\/strong><\/p>\n<p>Plateformes d&rsquo;envoi de publicit\u00e9 par voie \u00e9lectronique, dans le but de l&rsquo;envoyer avec des garanties et d&rsquo;obtenir des donn\u00e9es statistiques.<\/p>\n<p><strong>Transferts de donn\u00e9es vers des pays tiers ?<\/strong><\/p>\n<p>Il n&rsquo;est pas pr\u00e9vu de transf\u00e9rer des donn\u00e9es \u00e0 des pays tiers.<\/p>\n<p><strong>Comment avons-nous obtenu vos donn\u00e9es ?<\/strong><\/p>\n<p>Les donn\u00e9es personnelles trait\u00e9es par CRYS COMPOSITES proviennent de la personne concern\u00e9e.<\/p>\n<p>Les cat\u00e9gories de donn\u00e9es trait\u00e9es sont les suivantes :<\/p>\n<ul>\n<li>Donn\u00e9es d&rsquo;identification et adresses postale et \u00e9lectronique<\/li>\n<li>Informations commerciales.<\/li>\n<\/ul>\n<p> <\/p>\n<h4><strong>DROITS DE LA PERSONNE CONCERN\u00c9E<\/strong><\/h4>\n<p><strong>Quels sont vos droits lorsque vous nous fournissez vos donn\u00e9es ?<\/strong><\/p>\n<p>Toute personne a le droit d&rsquo;obtenir la confirmation que CRYS COMPOSITES traite ou non des donn\u00e9es \u00e0 caract\u00e8re personnel la concernant.<\/p>\n<p>Les personnes int\u00e9ress\u00e9es ont <strong><u>un droit d&rsquo;acc\u00e8s<\/u><\/strong> (art. 15 GDPR) \u00e0 leurs donn\u00e9es personnelles, ainsi que de <strong><u>demander la rectification<\/u><\/strong> (art. 16 RGPD) des donn\u00e9es inexactes ou, le cas \u00e9ch\u00e9ant, <strong><u>d&rsquo;en demander l&rsquo;effacement<\/u><\/strong> (art. 17 RGPD) lorsque, entre autres raisons, les donn\u00e9es ne sont plus n\u00e9cessaires aux fins pour lesquelles elles ont \u00e9t\u00e9 collect\u00e9es.<\/p>\n<p>Dans certaines circonstances, les parties int\u00e9ress\u00e9es peuvent <strong><u>demander la limitation<\/u><\/strong> (Art. 18 GDPR) du traitement de leurs donn\u00e9es, auquel cas nous ne conserverons les donn\u00e9es que dans le but d&rsquo;exercer ou de d\u00e9fendre des r\u00e9clamations.<\/p>\n<p>Dans certaines circonstances et pour des raisons tenant \u00e0 leur situation particuli\u00e8re, les personnes concern\u00e9es peuvent avoir la possibilit\u00e9 de <strong><u>s&rsquo;opposer au traitement<\/u><\/strong> (art. 21 RGPD) de leurs donn\u00e9es.\nDans ce cas, CRYS COMPOSITES cessera de traiter les donn\u00e9es, sauf pour des raisons l\u00e9gitimes imp\u00e9rieuses ou pour l&rsquo;exercice ou la d\u00e9fense d&rsquo;\u00e9ventuelles r\u00e9clamations. <\/p>\n<p>Vous avez \u00e9galement le droit de <strong><u>demander la portabilit\u00e9<\/u><\/strong> (art. 20 GDPR) de vos donn\u00e9es personnelles.\nCela signifie que vous avez le droit de recevoir les donn\u00e9es \u00e0 caract\u00e8re personnel que vous nous avez fournies dans un format structur\u00e9, couramment utilis\u00e9 et lisible par machine, afin qu&rsquo;elles puissent \u00eatre transmises directement \u00e0 une autre entit\u00e9, lorsque cela est techniquement possible. <\/p>\n<p>Si vous avez donn\u00e9 votre consentement pour une finalit\u00e9 sp\u00e9cifique, vous avez le droit de le retirer. <strong><u>droit de retirer votre consentement<\/u><\/strong> (art. 7 GDPR) \u00e0 tout moment, sans affecter la l\u00e9galit\u00e9 du traitement fond\u00e9 sur le consentement avant son retrait.<\/p>\n<p>Vous pouvez exercer vos droits en contactant le responsable du traitement en personne, par courrier ou par courriel \u00e0 l&rsquo;adresse \u00e9lectronique du responsable du traitement, en envoyant le formulaire\/la demande.\nLes formulaires d&rsquo;exercice\/demande de droits sont disponibles sur le site web de l&rsquo;Agence espagnole de protection des donn\u00e9es : <\/p>\n<p><a href=\"https:\/\/www.aepd.es\/reglamento\/derechos\/index.html#section1\">https:\/\/www.aepd.es\/reglamento\/derechos\/index.html#section1<\/a><\/p>\n<p>Si vous estimez que vos droits concernant la protection de vos donn\u00e9es personnelles ont \u00e9t\u00e9 viol\u00e9s, en particulier si vous n&rsquo;avez pas obtenu satisfaction dans l&rsquo;exercice de vos droits, vous pouvez d\u00e9poser une plainte aupr\u00e8s de l&rsquo;autorit\u00e9 de contr\u00f4le de la protection des donn\u00e9es comp\u00e9tente, en acc\u00e9dant au si\u00e8ge \u00e9lectronique de l&rsquo;Agence espagnole de protection des donn\u00e9es :<\/p>\n<p><a href=\"https:\/\/sedeagpd.gob.es\/sede-electronica-web\/vistas\/infoSede\/queSede.jsf\">https:\/\/sedeagpd.gob.es\/sede-electronica-web\/vistas\/infoSede\/queSede.jsf<\/a><\/p>\n<p> <\/p>\n<h4><strong>OBLIGATION DE FOURNIR DES DONN\u00c9ES<\/strong><\/h4>\n<p>Les donn\u00e9es demand\u00e9es dans les formulaires accessibles depuis le site web de CRYS COMPOSITES et, en g\u00e9n\u00e9ral, celles demand\u00e9es par l&rsquo;entreprise pour la prestation du service\/la vente du produit, sont, en g\u00e9n\u00e9ral, obligatoires (sauf indication contraire dans le champ requis) afin de respecter les finalit\u00e9s \u00e9tablies.\nPar cons\u00e9quent, s&rsquo;ils ne sont pas fournis ou s&rsquo;ils ne sont pas fournis avec exactitude, il est possible que les demandes ne puissent pas \u00eatre trait\u00e9es correctement. <\/p>\n<p>Dans le cas o\u00f9 l&rsquo;int\u00e9ress\u00e9 fournit des donn\u00e9es de tiers, il d\u00e9clare disposer de leur consentement et s&rsquo;engage \u00e0 transmettre les informations contenues dans la pr\u00e9sente politique de confidentialit\u00e9 \u00e0 l&rsquo;int\u00e9ress\u00e9, propri\u00e9taire desdites donn\u00e9es, en exon\u00e9rant CRYS COMPOSITES de toute responsabilit\u00e9 \u00e0 cet \u00e9gard.<\/p>\n<p><strong>LES MESURES DE S\u00c9CURIT\u00c9<\/strong><\/p>\n<p>Les donn\u00e9es \u00e0 caract\u00e8re personnel sont trait\u00e9es de mani\u00e8re licite, loyale et transparente \u00e0 l&rsquo;\u00e9gard de la personne concern\u00e9e (\u00ab\u00a0lic\u00e9it\u00e9, loyaut\u00e9 et transparence\u00a0\u00bb) ; elles sont collect\u00e9es pour des finalit\u00e9s d\u00e9termin\u00e9es, explicites et l\u00e9gitimes et ne sont pas trait\u00e9es ult\u00e9rieurement de mani\u00e8re incompatible avec ces finalit\u00e9s ; elles sont ad\u00e9quates, pertinentes et limit\u00e9es \u00e0 ce qui est n\u00e9cessaire au regard des finalit\u00e9s pour lesquelles elles sont trait\u00e9es ; elles sont conserv\u00e9es sous une forme permettant l&rsquo;identification des personnes concern\u00e9es pendant une dur\u00e9e n&rsquo;exc\u00e9dant pas celle n\u00e9cessaire \u00e0 la r\u00e9alisation des finalit\u00e9s du traitement des donn\u00e9es \u00e0 caract\u00e8re personnel (tout en respectant les d\u00e9lais de prescription en mati\u00e8re de responsabilit\u00e9) ; trait\u00e9es de mani\u00e8re \u00e0 assurer une s\u00e9curit\u00e9 appropri\u00e9e des donn\u00e9es \u00e0 caract\u00e8re personnel, y compris la protection contre le traitement non autoris\u00e9 ou illicite et contre la perte, la destruction ou les dommages accidentels, par la mise en \u0153uvre de mesures techniques ou organisationnelles appropri\u00e9es (\u00ab\u00a0int\u00e9grit\u00e9 et confidentialit\u00e9\u00a0\u00bb).<\/p>\n<p>Nous suivons des crit\u00e8res stricts pour la s\u00e9lection des prestataires de services ayant acc\u00e8s aux donn\u00e9es \u00e0 caract\u00e8re personnel afin de respecter leurs obligations en mati\u00e8re de protection des donn\u00e9es et de formaliser avec eux le contrat de traitement des donn\u00e9es correspondant (article 28 du RGPD), en vertu duquel ils sont tenus, entre autres, de : mettre en \u0153uvre des mesures techniques et organisationnelles appropri\u00e9es ; traiter les donn\u00e9es conform\u00e9ment \u00e0 nos instructions ; et supprimer ou nous renvoyer les donn\u00e9es une fois que la prestation de services a pris fin.<\/p>\n<p> <\/p>\t\t\t\t\t\t\t\t<\/div>\n\t\t\t\t\t<\/div>\n\t\t\t\t<\/div>\n\t\t\t\t<\/div>\n\t\t","protected":false},"excerpt":{"rendered":"<p>Nous nous effor\u00e7ons d&rsquo;\u00eatre aussi transparents que possible avec nos utilisateurs et nos clients en ce qui concerne les donn\u00e9es personnelles que nous recueillons. Votre vie priv\u00e9e est importante pour nous. En lisant cette politique de confidentialit\u00e9, l&rsquo;utilisateur est inform\u00e9 de la mani\u00e8re dont CRYS COMPOSITES collecte, traite et prot\u00e8ge les donn\u00e9es personnelles qui lui [&hellip;]<\/p>\n","protected":false},"author":2,"featured_media":0,"parent":0,"menu_order":0,"comment_status":"closed","ping_status":"closed","template":"","meta":{"_seopress_robots_primary_cat":"","_seopress_titles_title":"","_seopress_titles_desc":"","_seopress_robots_index":"oui","footnotes":""},"class_list":["post-4520","page","type-page","status-publish","hentry"],"_links":{"self":[{"href":"https:\/\/my-dune.com\/fr\/wp-json\/wp\/v2\/pages\/4520","targetHints":{"allow":["GET"]}}],"collection":[{"href":"https:\/\/my-dune.com\/fr\/wp-json\/wp\/v2\/pages"}],"about":[{"href":"https:\/\/my-dune.com\/fr\/wp-json\/wp\/v2\/types\/page"}],"author":[{"embeddable":true,"href":"https:\/\/my-dune.com\/fr\/wp-json\/wp\/v2\/users\/2"}],"replies":[{"embeddable":true,"href":"https:\/\/my-dune.com\/fr\/wp-json\/wp\/v2\/comments?post=4520"}],"version-history":[{"count":4,"href":"https:\/\/my-dune.com\/fr\/wp-json\/wp\/v2\/pages\/4520\/revisions"}],"predecessor-version":[{"id":5785,"href":"https:\/\/my-dune.com\/fr\/wp-json\/wp\/v2\/pages\/4520\/revisions\/5785"}],"wp:attachment":[{"href":"https:\/\/my-dune.com\/fr\/wp-json\/wp\/v2\/media?parent=4520"}],"curies":[{"name":"wp","href":"https:\/\/api.w.org\/{rel}","templated":true}]}}